{"id":38478,"date":"2018-06-04T10:52:11","date_gmt":"2018-06-04T08:52:11","guid":{"rendered":"https:\/\/www.acampa.eu\/?page_id=38478"},"modified":"2021-02-06T14:50:34","modified_gmt":"2021-02-06T13:50:34","slug":"medios","status":"publish","type":"page","link":"https:\/\/coruna2018.redeacampa.org\/gl\/medios\/","title":{"rendered":"Medios"},"content":{"rendered":"<p>[et_pb_section bb_built=&#8221;1&#8243; fullwidth=&#8221;off&#8221; specialty=&#8221;off&#8221; _builder_version=&#8221;3.0.51&#8243; background_color=&#8221;#CD1619&#8243; custom_padding=&#8221;30px||30px|&#8221; next_background_color=&#8221;#ffffff&#8221;][et_pb_row background_position=&#8221;top_left&#8221; background_repeat=&#8221;repeat&#8221; background_size=&#8221;initial&#8221;][et_pb_column type=&#8221;4_4&#8243;][et_pb_text _builder_version=&#8221;3.4.1&#8243; background_layout=&#8221;dark&#8221; border_style=&#8221;solid&#8221;]<\/p>\n<h1>Acampa 2018 nos Medios<\/h1>\n<p>Pola paz e o dereito ao refuxio<\/p>\n<p>[\/et_pb_text][\/et_pb_column][\/et_pb_row][\/et_pb_section][et_pb_section bb_built=&#8221;1&#8243; admin_label=&#8221;section&#8221; _builder_version=&#8221;3.4.1&#8243; module_class=&#8221;creditos medios&#8221; background_size=&#8221;initial&#8221; background_repeat=&#8221;repeat&#8221; prev_background_color=&#8221;#CD1619&#8243;][et_pb_row background_position=&#8221;top_left&#8221; background_repeat=&#8221;repeat&#8221; background_size=&#8221;initial&#8221;][et_pb_column type=&#8221;4_4&#8243;][et_pb_image _builder_version=&#8221;3.4.1&#8243; src=&#8221;\/wp-content\/uploads\/2018-BANNER-HORIZONTAL-820&#215;312.png&#8221; show_in_lightbox=&#8221;on&#8221; animation_style=&#8221;slide&#8221; animation_duration=&#8221;500ms&#8221; animation_intensity_slide=&#8221;10%&#8221; animation_direction=&#8221;left&#8221; \/][\/et_pb_column][\/et_pb_row][et_pb_row admin_label=&#8221;row&#8221; background_position=&#8221;top_left&#8221; background_repeat=&#8221;repeat&#8221; background_size=&#8221;initial&#8221; _builder_version=&#8221;3.4.1&#8243;][et_pb_column type=&#8221;1_2&#8243;][et_pb_text admin_label=&#8221;T\u00edtulo&#8221; _builder_version=&#8221;3.4.1&#8243; custom_margin=&#8221;||0px|&#8221;]<\/p>\n<h2>Dossier de Prensa<\/h2>\n<p>[\/et_pb_text][et_pb_blurb admin_label=&#8221;Nota Xeral&#8221; _builder_version=&#8221;3.4.1&#8243; title=&#8221;Nota xeral Acampa 2018&#8243; url=&#8221;\/wp-content\/uploads\/Acampa-18-Nota-XeralGAL.pdf&#8221; url_new_window=&#8221;on&#8221; use_icon=&#8221;on&#8221; font_icon=&#8221;%%206%%&#8221; icon_placement=&#8221;left&#8221; header_level=&#8221;h3&#8243; header_text_color=&#8221;#000000&#8243; use_icon_font_size=&#8221;on&#8221; icon_font_size=&#8221;25px&#8221; header_font_size=&#8221;17&#8243; \/][et_pb_blurb admin_label=&#8221;Programa&#8221; _builder_version=&#8221;3.4.1&#8243; title=&#8221;Programa Acampa 2018&#8243; url=&#8221;\/wp-content\/uploads\/Acampa-18-ProgramaGAL.pdf&#8221; url_new_window=&#8221;on&#8221; use_icon=&#8221;on&#8221; font_icon=&#8221;%%206%%&#8221; icon_placement=&#8221;left&#8221; header_level=&#8221;h3&#8243; header_text_color=&#8221;#000000&#8243; use_icon_font_size=&#8221;on&#8221; icon_font_size=&#8221;25px&#8221; header_font_size=&#8221;17&#8243; \/][et_pb_blurb admin_label=&#8221;Entidades&#8221; _builder_version=&#8221;3.4.1&#8243; title=&#8221;Entidades Acampa 2018&#8243; url=&#8221;\/wp-content\/uploads\/Acampa-18-EntidadesGAL.pdf&#8221; url_new_window=&#8221;on&#8221; use_icon=&#8221;on&#8221; font_icon=&#8221;%%206%%&#8221; icon_placement=&#8221;left&#8221; header_level=&#8221;h3&#8243; header_text_color=&#8221;#000000&#8243; use_icon_font_size=&#8221;on&#8221; icon_font_size=&#8221;25px&#8221; header_font_size=&#8221;17&#8243; \/][et_pb_blurb admin_label=&#8221;Manifiesto&#8221; _builder_version=&#8221;3.4.1&#8243; title=&#8221;Manifiesto: No tienen rostro ni conciencia&#8221; url=&#8221;\/wp-content\/uploads\/Manifiesto-No-tienen-rostro-ni-conciencia.pdf&#8221; url_new_window=&#8221;on&#8221; use_icon=&#8221;on&#8221; font_icon=&#8221;%%206%%&#8221; icon_placement=&#8221;left&#8221; header_level=&#8221;h3&#8243; header_text_color=&#8221;#000000&#8243; use_icon_font_size=&#8221;on&#8221; icon_font_size=&#8221;25px&#8221; header_font_size=&#8221;17&#8243; \/][et_pb_blurb admin_label=&#8221;Complices&#8221; _builder_version=&#8221;3.4.1&#8243; title=&#8221;C\u00f3mplices y v\u00edctimas en tiempo de descuento&#8221; url=&#8221;\/wp-content\/uploads\/Complices-y-victimas-en-tiempo-de-descuento.pdf&#8221; url_new_window=&#8221;on&#8221; use_icon=&#8221;on&#8221; font_icon=&#8221;%%206%%&#8221; icon_placement=&#8221;left&#8221; header_level=&#8221;h3&#8243; header_text_color=&#8221;#000000&#8243; use_icon_font_size=&#8221;on&#8221; icon_font_size=&#8221;25px&#8221; header_font_size=&#8221;17&#8243; \/][et_pb_blurb admin_label=&#8221;Nota Actividades dia 14&#8243; _builder_version=&#8221;3.6&#8243; title=&#8221;Nota actividades d\u00eda 14&#8243; url=&#8221;\/wp-content\/uploads\/Acampa-18-Nota-13xu\u00f1oGAL.pdf&#8221; url_new_window=&#8221;on&#8221; use_icon=&#8221;on&#8221; font_icon=&#8221;%%206%%&#8221; icon_placement=&#8221;left&#8221; header_level=&#8221;h3&#8243; header_text_color=&#8221;#000000&#8243; use_icon_font_size=&#8221;on&#8221; icon_font_size=&#8221;25px&#8221; header_font_size=&#8221;17&#8243; \/][et_pb_blurb admin_label=&#8221;Nota Actividades dia 15&#8243; _builder_version=&#8221;3.6&#8243; title=&#8221;Nota actividades d\u00eda 15&#8243; url=&#8221;\/wp-content\/uploads\/Acampa-18-Nota14xunoGAL.pdf&#8221; url_new_window=&#8221;on&#8221; use_icon=&#8221;on&#8221; font_icon=&#8221;%%206%%&#8221; icon_placement=&#8221;left&#8221; header_level=&#8221;h3&#8243; header_text_color=&#8221;#000000&#8243; use_icon_font_size=&#8221;on&#8221; icon_font_size=&#8221;25px&#8221; header_font_size=&#8221;17&#8243; \/][et_pb_text admin_label=&#8221;T\u00edtulo&#8221; _builder_version=&#8221;3.4.1&#8243; custom_margin=&#8221;||0px|&#8221;]<\/p>\n<h2>Acampa nos Xornais<\/h2>\n<p>[\/et_pb_text][et_pb_blurb admin_label=&#8221;EFE&#8221; _builder_version=&#8221;3.4.1&#8243; title=&#8221;EFE: Verde 03\/06\/2018&#8243; url=&#8221;https:\/\/www.efeverde.com\/blog\/creadoresdeopinion\/refugiados-climaticos-acampa-pola-paz-xose-abad\/&#8221; url_new_window=&#8221;on&#8221; use_icon=&#8221;on&#8221; font_icon=&#8221;%%209%%&#8221; icon_placement=&#8221;left&#8221; header_level=&#8221;h3&#8243; header_text_color=&#8221;#000000&#8243; use_icon_font_size=&#8221;on&#8221; icon_font_size=&#8221;25px&#8221; header_font_size=&#8221;17&#8243; \/][et_pb_blurb admin_label=&#8221;Confidencial&#8221; _builder_version=&#8221;3.4.1&#8243; title=&#8221;El Confidencial 03\/06\/2018&#8243; url=&#8221;https:\/\/www.elconfidencial.com\/ultima-hora-en-vivo\/2018-06-03\/entre-250-y-1-000-millones-de-refugiados-climaticos-habra-en-30-anos_1536377\/&#8221; url_new_window=&#8221;on&#8221; use_icon=&#8221;on&#8221; font_icon=&#8221;%%209%%&#8221; icon_placement=&#8221;left&#8221; header_level=&#8221;h3&#8243; header_text_color=&#8221;#000000&#8243; use_icon_font_size=&#8221;on&#8221; icon_font_size=&#8221;25px&#8221; header_font_size=&#8221;17&#8243; \/][et_pb_blurb admin_label=&#8221;Cope&#8221; _builder_version=&#8221;3.4.1&#8243; title=&#8221;La COPE 03\/06\/2018&#8243; url=&#8221;http:\/\/www.cope.es\/amp\/noticias\/biodiversidad\/entre-250-1000-millones-refugiados-climaticos-habra-anos_222507?__twitter_impression=true&#8221; url_new_window=&#8221;on&#8221; use_icon=&#8221;on&#8221; font_icon=&#8221;%%209%%&#8221; icon_placement=&#8221;left&#8221; header_level=&#8221;h3&#8243; header_text_color=&#8221;#000000&#8243; use_icon_font_size=&#8221;on&#8221; icon_font_size=&#8221;25px&#8221; header_font_size=&#8221;17&#8243; \/][et_pb_blurb admin_label=&#8221;Periodico&#8221; _builder_version=&#8221;3.4.1&#8243; title=&#8221;El Peri\u00f3dico 03\/06\/2018&#8243; url=&#8221;https:\/\/www.elperiodico.com\/es\/sociedad\/20180603\/entre-250-y-1000-millones-de-refugiados-climaticos-habra-en-30-anos-6854589?utm_source=whatsapp&#8221; url_new_window=&#8221;on&#8221; use_icon=&#8221;on&#8221; font_icon=&#8221;%%209%%&#8221; icon_placement=&#8221;left&#8221; header_level=&#8221;h3&#8243; header_text_color=&#8221;#000000&#8243; use_icon_font_size=&#8221;on&#8221; icon_font_size=&#8221;25px&#8221; header_font_size=&#8221;17&#8243; \/][et_pb_blurb admin_label=&#8221;Periodico energia&#8221; _builder_version=&#8221;3.4.1&#8243; title=&#8221;El Peri\u00f3dico de la energ\u00eda 04\/06\/2018&#8243; url=&#8221;https:\/\/elperiodicodelaenergia.com\/el-cambio-climatico-desplazara-entre-250-y-1-000-millones-de-personas-en-los-proximos-30-anos\/&#8221; url_new_window=&#8221;on&#8221; use_icon=&#8221;on&#8221; font_icon=&#8221;%%209%%&#8221; icon_placement=&#8221;left&#8221; header_level=&#8221;h3&#8243; header_text_color=&#8221;#000000&#8243; use_icon_font_size=&#8221;on&#8221; icon_font_size=&#8221;25px&#8221; header_font_size=&#8221;17&#8243; \/][et_pb_blurb admin_label=&#8221;mercurio&#8221; _builder_version=&#8221;3.4.1&#8243; title=&#8221;El Mercurio digital 04\/06\/2018&#8243; url=&#8221;https:\/\/www.elmercuriodigital.net\/2018\/06\/entre-250-millones-y-1000-millones-de.html?m=1&#8243; url_new_window=&#8221;on&#8221; use_icon=&#8221;on&#8221; font_icon=&#8221;%%209%%&#8221; icon_placement=&#8221;left&#8221; header_level=&#8221;h3&#8243; header_text_color=&#8221;#000000&#8243; use_icon_font_size=&#8221;on&#8221; icon_font_size=&#8221;25px&#8221; header_font_size=&#8221;17&#8243; \/][et_pb_blurb admin_label=&#8221;Opinion&#8221; _builder_version=&#8221;3.4.1&#8243; title=&#8221;La Opini\u00f3n de A Coru\u00f1a 07\/06\/2018&#8243; url=&#8221;https:\/\/www.laopinioncoruna.es\/coruna\/2018\/06\/07\/cambio-climatico-une-acampa\/1298573.html&#8221; url_new_window=&#8221;on&#8221; use_icon=&#8221;on&#8221; font_icon=&#8221;%%209%%&#8221; icon_placement=&#8221;left&#8221; header_level=&#8221;h3&#8243; header_text_color=&#8221;#000000&#8243; use_icon_font_size=&#8221;on&#8221; icon_font_size=&#8221;25px&#8221; header_font_size=&#8221;17&#8243; \/][et_pb_button _builder_version=&#8221;3.4.1&#8243; button_text=&#8221;Outras Descargas&#8221; button_url=&#8221;\/gl\/descargas\/&#8221; button_alignment=&#8221;center&#8221; background_layout=&#8221;dark&#8221; custom_margin=&#8221;50px|||&#8221; \/][\/et_pb_column][et_pb_column type=&#8221;1_2&#8243;][et_pb_text admin_label=&#8221;T\u00edtulo&#8221; _builder_version=&#8221;3.4.1&#8243; custom_margin=&#8221;||0px|&#8221;]<\/p>\n<h2>Fotos das Exposici\u00f3ns<\/h2>\n<p>[\/et_pb_text][et_pb_blurb admin_label=&#8221;Grassani&#8221; _builder_version=&#8221;3.4.1&#8243; title=&#8221;Alessandro Grassani&#8221; url=&#8221;\/wp-content\/uploads\/Fotos-Grassani.zip&#8221; url_new_window=&#8221;on&#8221; use_icon=&#8221;on&#8221; font_icon=&#8221;%%237%%&#8221; icon_placement=&#8221;left&#8221; header_level=&#8221;h3&#8243; header_text_color=&#8221;#000000&#8243; use_icon_font_size=&#8221;on&#8221; icon_font_size=&#8221;25px&#8221; header_font_size=&#8221;17&#8243; \/][et_pb_blurb admin_label=&#8221;Silva&#8221; _builder_version=&#8221;3.4.1&#8243; title=&#8221;Ariadna Silva&#8221; url=&#8221;\/wp-content\/uploads\/Fotos-Ariadna-Silva.zip&#8221; url_new_window=&#8221;on&#8221; use_icon=&#8221;on&#8221; font_icon=&#8221;%%237%%&#8221; icon_placement=&#8221;left&#8221; header_level=&#8221;h3&#8243; header_text_color=&#8221;#000000&#8243; use_icon_font_size=&#8221;on&#8221; icon_font_size=&#8221;25px&#8221; header_font_size=&#8221;17&#8243; \/][et_pb_blurb admin_label=&#8221;Lee&#8221; _builder_version=&#8221;3.4.1&#8243; title=&#8221;Daesung Lee&#8221; url=&#8221;\/wp-content\/uploads\/Fotos-Daesung-Lee.zip&#8221; url_new_window=&#8221;on&#8221; use_icon=&#8221;on&#8221; font_icon=&#8221;%%237%%&#8221; icon_placement=&#8221;left&#8221; header_level=&#8221;h3&#8243; header_text_color=&#8221;#000000&#8243; use_icon_font_size=&#8221;on&#8221; icon_font_size=&#8221;25px&#8221; header_font_size=&#8221;17&#8243; \/][et_pb_blurb admin_label=&#8221;ECC&#8221; _builder_version=&#8221;3.4.1&#8243; title=&#8221;Everyday Climate Change&#8221; url=&#8221;\/wp-content\/uploads\/Fotos-ECC-Press-Every-day-climate-change.zip&#8221; url_new_window=&#8221;on&#8221; use_icon=&#8221;on&#8221; font_icon=&#8221;%%237%%&#8221; icon_placement=&#8221;left&#8221; header_level=&#8221;h3&#8243; header_text_color=&#8221;#000000&#8243; use_icon_font_size=&#8221;on&#8221; icon_font_size=&#8221;25px&#8221; header_font_size=&#8221;17&#8243; \/][et_pb_blurb admin_label=&#8221;Moreira&#8221; _builder_version=&#8221;3.4.1&#8243; title=&#8221;Juan Pablo Moreira&#8221; url=&#8221;\/wp-content\/uploads\/Fotos-Juan-Pablo-Moreira.zip&#8221; url_new_window=&#8221;on&#8221; use_icon=&#8221;on&#8221; font_icon=&#8221;%%237%%&#8221; icon_placement=&#8221;left&#8221; header_level=&#8221;h3&#8243; header_text_color=&#8221;#000000&#8243; use_icon_font_size=&#8221;on&#8221; icon_font_size=&#8221;25px&#8221; header_font_size=&#8221;17&#8243; \/][et_pb_blurb admin_label=&#8221;Murray&#8221; _builder_version=&#8221;3.4.1&#8243; title=&#8221;Lisa Murray&#8221; url=&#8221;\/wp-content\/uploads\/Fotos-de-Lisa-Murray.zip&#8221; url_new_window=&#8221;on&#8221; use_icon=&#8221;on&#8221; font_icon=&#8221;%%237%%&#8221; icon_placement=&#8221;left&#8221; header_level=&#8221;h3&#8243; header_text_color=&#8221;#000000&#8243; use_icon_font_size=&#8221;on&#8221; icon_font_size=&#8221;25px&#8221; header_font_size=&#8221;17&#8243; \/][et_pb_blurb admin_label=&#8221;Armestre&#8221; _builder_version=&#8221;3.4.1&#8243; title=&#8221;Pedro Armestre&#8221; url=&#8221;\/wp-content\/uploads\/Fotos-de-Pedro-Armestre.zip&#8221; url_new_window=&#8221;on&#8221; use_icon=&#8221;on&#8221; font_icon=&#8221;%%237%%&#8221; icon_placement=&#8221;left&#8221; header_level=&#8221;h3&#8243; header_text_color=&#8221;#000000&#8243; use_icon_font_size=&#8221;on&#8221; icon_font_size=&#8221;25px&#8221; header_font_size=&#8221;17&#8243; \/][et_pb_text admin_label=&#8221;T\u00edtulo&#8221; _builder_version=&#8221;3.4.1&#8243; custom_margin=&#8221;||0px|&#8221;]<\/p>\n<h2>Cu\u00f1as Radiof\u00f3nicas<\/h2>\n<p>[\/et_pb_text][et_pb_text admin_label=&#8221;Cu\u00f1as &#8221; _builder_version=&#8221;3.6&#8243; custom_margin=&#8221;|10px||10px&#8221;]<\/p>\n<p>Dereito de Asilo por Cambio Clim\u00e1tico<br \/>\n<!--[if lt IE 9]><script>document.createElement('audio');<\/script><![endif]-->\n<audio class=\"wp-audio-shortcode\" id=\"audio-38478-1\" preload=\"none\" style=\"width: 100%;\" controls=\"controls\"><source type=\"audio\/mpeg\" src=\"\/wp-content\/uploads\/ACAMPA-02-DEREITO-ASILO.mp3?_=1\" \/><a href=\"\/wp-content\/uploads\/ACAMPA-02-DEREITO-ASILO.mp3\">\/wp-content\/uploads\/ACAMPA-02-DEREITO-ASILO.mp3<\/a><\/audio><\/p>\n<p>Nenos na Guerra<br \/>\n<audio class=\"wp-audio-shortcode\" id=\"audio-38478-2\" preload=\"none\" style=\"width: 100%;\" controls=\"controls\"><source type=\"audio\/mpeg\" src=\"\/wp-content\/uploads\/ACAMPA-03-NENOS-NA-GUERRA.mp3?_=2\" \/><a href=\"\/wp-content\/uploads\/ACAMPA-03-NENOS-NA-GUERRA.mp3\">\/wp-content\/uploads\/ACAMPA-03-NENOS-NA-GUERRA.mp3<\/a><\/audio><\/p>\n<p>Mortes no Mediterr\u00e1neo<br \/>\n<audio class=\"wp-audio-shortcode\" id=\"audio-38478-3\" preload=\"none\" style=\"width: 100%;\" controls=\"controls\"><source type=\"audio\/mpeg\" src=\"\/wp-content\/uploads\/ACAMPA-04-MORTES-NO-MEDITERRANEO.mp3?_=3\" \/><a href=\"\/wp-content\/uploads\/ACAMPA-04-MORTES-NO-MEDITERRANEO.mp3\">\/wp-content\/uploads\/ACAMPA-04-MORTES-NO-MEDITERRANEO.mp3<\/a><\/audio><\/p>\n<p>Actividades Acampa 2018<br \/>\n<audio class=\"wp-audio-shortcode\" id=\"audio-38478-4\" preload=\"none\" style=\"width: 100%;\" controls=\"controls\"><source type=\"audio\/mpeg\" src=\"\/wp-content\/uploads\/ACAMPA-05-ACTIVIDADES.mp3?_=4\" \/><a href=\"\/wp-content\/uploads\/ACAMPA-05-ACTIVIDADES.mp3\">\/wp-content\/uploads\/ACAMPA-05-ACTIVIDADES.mp3<\/a><\/audio><\/p>\n<p>Vivenda Digna<br \/>\n<audio class=\"wp-audio-shortcode\" id=\"audio-38478-5\" preload=\"none\" style=\"width: 100%;\" controls=\"controls\"><source type=\"audio\/mpeg\" src=\"\/wp-content\/uploads\/ACAMPA-07-VIVENDA-DIGNA.mp3?_=5\" \/><a href=\"\/wp-content\/uploads\/ACAMPA-07-VIVENDA-DIGNA.mp3\">\/wp-content\/uploads\/ACAMPA-07-VIVENDA-DIGNA.mp3<\/a><\/audio><\/p>\n<p>Dereito de Asilo<br \/>\n<audio class=\"wp-audio-shortcode\" id=\"audio-38478-6\" preload=\"none\" style=\"width: 100%;\" controls=\"controls\"><source type=\"audio\/mpeg\" src=\"\/wp-content\/uploads\/ACAMPA-08-DEREITO-ASILO.mp3?_=6\" \/><a href=\"\/wp-content\/uploads\/ACAMPA-08-DEREITO-ASILO.mp3\">\/wp-content\/uploads\/ACAMPA-08-DEREITO-ASILO.mp3<\/a><\/audio><\/p>\n<p>Exposici\u00f3ns de Fotografos Acampa 2018<br \/>\n<audio class=\"wp-audio-shortcode\" id=\"audio-38478-7\" preload=\"none\" style=\"width: 100%;\" controls=\"controls\"><source type=\"audio\/mpeg\" src=\"\/wp-content\/uploads\/ACAMPA-09-EXPO-FOTOGRAFOS.mp3?_=7\" \/><a href=\"\/wp-content\/uploads\/ACAMPA-09-EXPO-FOTOGRAFOS.mp3\">\/wp-content\/uploads\/ACAMPA-09-EXPO-FOTOGRAFOS.mp3<\/a><\/audio><\/p>\n<p>[\/et_pb_text][\/et_pb_column][\/et_pb_row][\/et_pb_section]<\/p>\n","protected":false},"excerpt":{"rendered":"<p>Acampa 2018 nos Medios Pola paz e o dereito ao refuxio Dossier de Prensa Acampa nos Xornais Fotos das Exposici\u00f3ns Cu\u00f1as Radiof\u00f3nicas Dereito de Asilo por Cambio Clim\u00e1tico Nenos na Guerra Mortes no Mediterr\u00e1neo Actividades Acampa 2018 Vivenda Digna Dereito de Asilo Exposici\u00f3ns de Fotografos Acampa 2018<\/p>\n","protected":false},"author":2,"featured_media":0,"parent":0,"menu_order":0,"comment_status":"closed","ping_status":"closed","template":"","meta":{"_et_pb_use_builder":"on","_et_pb_old_content":"","_et_gb_content_width":"","inline_featured_image":false,"footnotes":""},"class_list":["post-38478","page","type-page","status-publish","hentry"],"yoast_head":"<!-- This site is optimized with the Yoast SEO plugin v25.9 - https:\/\/yoast.com\/wordpress\/plugins\/seo\/ -->\n<title>Medios | Acampa 2018 - Pola paz e o dereito a refuxio<\/title>\n<meta name=\"robots\" content=\"index, follow, max-snippet:-1, max-image-preview:large, max-video-preview:-1\" \/>\n<link rel=\"canonical\" href=\"https:\/\/coruna2018.redeacampa.org\/gl\/medios\/\" \/>\n<meta property=\"og:locale\" content=\"gl_ES\" \/>\n<meta property=\"og:type\" content=\"article\" \/>\n<meta property=\"og:title\" content=\"Medios | Acampa 2018 - Pola paz e o dereito a refuxio\" \/>\n<meta property=\"og:description\" content=\"Acampa 2018 nos Medios Pola paz e o dereito ao refuxio Dossier de Prensa Acampa nos Xornais Fotos das Exposici\u00f3ns Cu\u00f1as Radiof\u00f3nicas Dereito de Asilo por Cambio Clim\u00e1tico Nenos na Guerra Mortes no Mediterr\u00e1neo Actividades Acampa 2018 Vivenda Digna Dereito de Asilo Exposici\u00f3ns de Fotografos Acampa 2018\" \/>\n<meta property=\"og:url\" content=\"https:\/\/coruna2018.redeacampa.org\/gl\/medios\/\" \/>\n<meta property=\"og:site_name\" content=\"Acampa 2018 - Pola paz e o dereito a refuxio\" \/>\n<meta property=\"article:modified_time\" content=\"2021-02-06T13:50:34+00:00\" \/>\n<meta name=\"twitter:card\" content=\"summary_large_image\" \/>\n<meta name=\"twitter:label1\" content=\"Tempo de lectura\" \/>\n\t<meta name=\"twitter:data1\" content=\"7 minutos\" \/>\n<script type=\"application\/ld+json\" class=\"yoast-schema-graph\">{\"@context\":\"https:\/\/schema.org\",\"@graph\":[{\"@type\":\"WebPage\",\"@id\":\"https:\/\/coruna2018.redeacampa.org\/gl\/medios\/\",\"url\":\"https:\/\/coruna2018.redeacampa.org\/gl\/medios\/\",\"name\":\"Medios | Acampa 2018 - Pola paz e o dereito a refuxio\",\"isPartOf\":{\"@id\":\"https:\/\/coruna2018.redeacampa.org\/gl\/#website\"},\"datePublished\":\"2018-06-04T08:52:11+00:00\",\"dateModified\":\"2021-02-06T13:50:34+00:00\",\"breadcrumb\":{\"@id\":\"https:\/\/coruna2018.redeacampa.org\/gl\/medios\/#breadcrumb\"},\"inLanguage\":\"gl-ES\",\"potentialAction\":[{\"@type\":\"ReadAction\",\"target\":[\"https:\/\/coruna2018.redeacampa.org\/gl\/medios\/\"]}]},{\"@type\":\"BreadcrumbList\",\"@id\":\"https:\/\/coruna2018.redeacampa.org\/gl\/medios\/#breadcrumb\",\"itemListElement\":[{\"@type\":\"ListItem\",\"position\":1,\"name\":\"Portada\",\"item\":\"https:\/\/coruna2018.redeacampa.org\/gl\/\"},{\"@type\":\"ListItem\",\"position\":2,\"name\":\"Medios\"}]},{\"@type\":\"WebSite\",\"@id\":\"https:\/\/coruna2018.redeacampa.org\/gl\/#website\",\"url\":\"https:\/\/coruna2018.redeacampa.org\/gl\/\",\"name\":\"Acampa 2018 - Pola paz e o dereito a refuxio\",\"description\":\"Unha iniciativa cidad\u00e1 sen fins de lucro integrada por colectivos sociais, culturais, educativos, veci\u00f1ais, pol\u00edticos, sindicais, art\u00edsticos, de persoas solidarias, de instituci\u00f3ns e empresas con responsabilidade social que te\u00f1en como obxectivo a defensa dos dereitos humanos, o Dereito Internacional Humanitario e o Dereito a Refuxio.\",\"potentialAction\":[{\"@type\":\"SearchAction\",\"target\":{\"@type\":\"EntryPoint\",\"urlTemplate\":\"https:\/\/coruna2018.redeacampa.org\/gl\/?s={search_term_string}\"},\"query-input\":{\"@type\":\"PropertyValueSpecification\",\"valueRequired\":true,\"valueName\":\"search_term_string\"}}],\"inLanguage\":\"gl-ES\"}]}<\/script>\n<!-- \/ Yoast SEO plugin. -->","yoast_head_json":{"title":"Medios | Acampa 2018 - Pola paz e o dereito a refuxio","robots":{"index":"index","follow":"follow","max-snippet":"max-snippet:-1","max-image-preview":"max-image-preview:large","max-video-preview":"max-video-preview:-1"},"canonical":"https:\/\/coruna2018.redeacampa.org\/gl\/medios\/","og_locale":"gl_ES","og_type":"article","og_title":"Medios | Acampa 2018 - Pola paz e o dereito a refuxio","og_description":"Acampa 2018 nos Medios Pola paz e o dereito ao refuxio Dossier de Prensa Acampa nos Xornais Fotos das Exposici\u00f3ns Cu\u00f1as Radiof\u00f3nicas Dereito de Asilo por Cambio Clim\u00e1tico Nenos na Guerra Mortes no Mediterr\u00e1neo Actividades Acampa 2018 Vivenda Digna Dereito de Asilo Exposici\u00f3ns de Fotografos Acampa 2018","og_url":"https:\/\/coruna2018.redeacampa.org\/gl\/medios\/","og_site_name":"Acampa 2018 - Pola paz e o dereito a refuxio","article_modified_time":"2021-02-06T13:50:34+00:00","twitter_card":"summary_large_image","twitter_misc":{"Tempo de lectura":"7 minutos"},"schema":{"@context":"https:\/\/schema.org","@graph":[{"@type":"WebPage","@id":"https:\/\/coruna2018.redeacampa.org\/gl\/medios\/","url":"https:\/\/coruna2018.redeacampa.org\/gl\/medios\/","name":"Medios | Acampa 2018 - Pola paz e o dereito a refuxio","isPartOf":{"@id":"https:\/\/coruna2018.redeacampa.org\/gl\/#website"},"datePublished":"2018-06-04T08:52:11+00:00","dateModified":"2021-02-06T13:50:34+00:00","breadcrumb":{"@id":"https:\/\/coruna2018.redeacampa.org\/gl\/medios\/#breadcrumb"},"inLanguage":"gl-ES","potentialAction":[{"@type":"ReadAction","target":["https:\/\/coruna2018.redeacampa.org\/gl\/medios\/"]}]},{"@type":"BreadcrumbList","@id":"https:\/\/coruna2018.redeacampa.org\/gl\/medios\/#breadcrumb","itemListElement":[{"@type":"ListItem","position":1,"name":"Portada","item":"https:\/\/coruna2018.redeacampa.org\/gl\/"},{"@type":"ListItem","position":2,"name":"Medios"}]},{"@type":"WebSite","@id":"https:\/\/coruna2018.redeacampa.org\/gl\/#website","url":"https:\/\/coruna2018.redeacampa.org\/gl\/","name":"Acampa 2018 - Pola paz e o dereito a refuxio","description":"Unha iniciativa cidad\u00e1 sen fins de lucro integrada por colectivos sociais, culturais, educativos, veci\u00f1ais, pol\u00edticos, sindicais, art\u00edsticos, de persoas solidarias, de instituci\u00f3ns e empresas con responsabilidade social que te\u00f1en como obxectivo a defensa dos dereitos humanos, o Dereito Internacional Humanitario e o Dereito a Refuxio.","potentialAction":[{"@type":"SearchAction","target":{"@type":"EntryPoint","urlTemplate":"https:\/\/coruna2018.redeacampa.org\/gl\/?s={search_term_string}"},"query-input":{"@type":"PropertyValueSpecification","valueRequired":true,"valueName":"search_term_string"}}],"inLanguage":"gl-ES"}]}},"_links":{"self":[{"href":"https:\/\/coruna2018.redeacampa.org\/gl\/wp-json\/wp\/v2\/pages\/38478","targetHints":{"allow":["GET"]}}],"collection":[{"href":"https:\/\/coruna2018.redeacampa.org\/gl\/wp-json\/wp\/v2\/pages"}],"about":[{"href":"https:\/\/coruna2018.redeacampa.org\/gl\/wp-json\/wp\/v2\/types\/page"}],"author":[{"embeddable":true,"href":"https:\/\/coruna2018.redeacampa.org\/gl\/wp-json\/wp\/v2\/users\/2"}],"replies":[{"embeddable":true,"href":"https:\/\/coruna2018.redeacampa.org\/gl\/wp-json\/wp\/v2\/comments?post=38478"}],"version-history":[{"count":0,"href":"https:\/\/coruna2018.redeacampa.org\/gl\/wp-json\/wp\/v2\/pages\/38478\/revisions"}],"wp:attachment":[{"href":"https:\/\/coruna2018.redeacampa.org\/gl\/wp-json\/wp\/v2\/media?parent=38478"}],"curies":[{"name":"wp","href":"https:\/\/api.w.org\/{rel}","templated":true}]}}