{"id":35824,"date":"2017-06-10T12:06:45","date_gmt":"2017-06-10T10:06:45","guid":{"rendered":"https:\/\/www.acampa.eu\/creditos\/"},"modified":"2018-11-27T19:01:16","modified_gmt":"2018-11-27T18:01:16","slug":"creditos","status":"publish","type":"page","link":"https:\/\/coruna2018.redeacampa.org\/gl\/creditos\/","title":{"rendered":"Cr\u00e9ditos"},"content":{"rendered":"<p>[et_pb_section bb_built=&#8221;1&#8243; fullwidth=&#8221;off&#8221; specialty=&#8221;off&#8221; _builder_version=&#8221;3.0.51&#8243; background_color=&#8221;#CD1619&#8243; custom_padding=&#8221;30px||30px|&#8221; next_background_color=&#8221;#ffffff&#8221;][et_pb_row background_position=&#8221;top_left&#8221; background_repeat=&#8221;repeat&#8221; background_size=&#8221;initial&#8221;][et_pb_column type=&#8221;4_4&#8243;][et_pb_text _builder_version=&#8221;3.4.1&#8243; background_layout=&#8221;dark&#8221;]<\/p>\n<h1>CR\u00c9DITOS ACAMPA 2018<\/h1>\n<p>Pola paz e o dereito ao refuxio<\/p>\n<p>[\/et_pb_text][\/et_pb_column][\/et_pb_row][\/et_pb_section][et_pb_section bb_built=&#8221;1&#8243; admin_label=&#8221;section&#8221; _builder_version=&#8221;3.0.51&#8243; module_class=&#8221;creditos&#8221; background_image=&#8221;\/wp-content\/uploads\/gravilla2.jpg&#8221; background_size=&#8221;initial&#8221; background_repeat=&#8221;repeat&#8221; prev_background_color=&#8221;#CD1619&#8243;][et_pb_row background_position=&#8221;top_left&#8221; background_repeat=&#8221;repeat&#8221; background_size=&#8221;initial&#8221;][et_pb_column type=&#8221;4_4&#8243;][et_pb_image _builder_version=&#8221;3.4.1&#8243; src=&#8221;\/wp-content\/uploads\/Acampa.jpg&#8221; show_in_lightbox=&#8221;on&#8221; url_new_window=&#8221;off&#8221; use_overlay=&#8221;off&#8221; sticky=&#8221;off&#8221; align=&#8221;left&#8221; always_center_on_mobile=&#8221;on&#8221; border_style=&#8221;solid&#8221; force_fullwidth=&#8221;off&#8221; animation_style=&#8221;slide&#8221; animation_duration=&#8221;500ms&#8221; animation_intensity_slide=&#8221;10%&#8221; animation_direction=&#8221;left&#8221; show_bottom_space=&#8221;on&#8221; \/][\/et_pb_column][\/et_pb_row][et_pb_row admin_label=&#8221;row&#8221; background_position=&#8221;top_left&#8221; background_repeat=&#8221;repeat&#8221; background_size=&#8221;initial&#8221; _builder_version=&#8221;3.0.51&#8243;][et_pb_column type=&#8221;1_4&#8243;][et_pb_text admin_label=&#8221;Coordinador&#8221; _builder_version=&#8221;3.4.1&#8243;]<\/p>\n<h2>Coordinador Xeral<\/h2>\n<ul>\n<li>Xos\u00e9 Abad<\/li>\n<\/ul>\n<p>[\/et_pb_text][et_pb_text admin_label=&#8221;Secretar\u00eda&#8221; _builder_version=&#8221;3.4.1&#8243;]<\/p>\n<h2>Secretar\u00eda<\/h2>\n<ul>\n<li>Carlos Reguera<\/li>\n<\/ul>\n<p>[\/et_pb_text][et_pb_text admin_label=&#8221;Econom\u00eda&#8221; _builder_version=&#8221;3.4.1&#8243;]<\/p>\n<h2>Econom\u00eda<\/h2>\n<ul>\n<li>Bernardo Seoane<\/li>\n<\/ul>\n<p>[\/et_pb_text][et_pb_text admin_label=&#8221;Organizaci\u00f3ns sociais&#8221; _builder_version=&#8221;3.4.1&#8243;]<\/p>\n<h2>Organizaci\u00f3ns sociais<\/h2>\n<ul>\n<li>Rub\u00e9n S\u00e1nchez<\/li>\n<\/ul>\n<p>[\/et_pb_text][et_pb_text admin_label=&#8221;Log\u00edstica&#8221; _builder_version=&#8221;3.4.1&#8243; border_style=&#8221;solid&#8221;]<\/p>\n<h2>Lox\u00edstica<\/h2>\n<ul>\n<li>Raquel Barbeito<\/li>\n<\/ul>\n<p>[\/et_pb_text][et_pb_text admin_label=&#8221;Relacions institucionais&#8221; _builder_version=&#8221;3.4.1&#8243;]<\/p>\n<h2>Relaci\u00f3ns institucionais<\/h2>\n<ul>\n<li>Bernardo Seoane<\/li>\n<\/ul>\n<p>[\/et_pb_text][\/et_pb_column][et_pb_column type=&#8221;1_4&#8243;][et_pb_text admin_label=&#8221;Programaci\u00f3n&#8221; _builder_version=&#8221;3.4.1&#8243;]<\/p>\n<h2>Programaci\u00f3n<\/h2>\n<ul>\n<li>Clara L\u00f3pez<\/li>\n<\/ul>\n<p>[\/et_pb_text][et_pb_text admin_label=&#8221;Infraestruturas&#8221; _builder_version=&#8221;3.4.1&#8243;]<\/p>\n<h2>Infraestructuras<\/h2>\n<ul>\n<li>Luis Vivanco<\/li>\n<li>Pedro Abad<\/li>\n<\/ul>\n<p>[\/et_pb_text][et_pb_text admin_label=&#8221;Dese\u00f1o&#8221; _builder_version=&#8221;3.4.1&#8243;]<\/p>\n<h2>Equipo de dese\u00f1o<\/h2>\n<h3>Coordinadora<\/h3>\n<ul>\n<li>Aitana Tub\u00edo<\/li>\n<\/ul>\n<h3>Dese\u00f1o Cat\u00e1logo<\/h3>\n<ul>\n<li>Luis Llor\u00e9ns<\/li>\n<\/ul>\n<h3>Ilustraci\u00f3ns<\/h3>\n<ul>\n<li>Carlos Gallego<\/li>\n<\/ul>\n<p>[\/et_pb_text][et_pb_text admin_label=&#8221;web&#8221; _builder_version=&#8221;3.4.1&#8243;]<\/p>\n<h2>Sitio web<\/h2>\n<ul>\n<li>Alfonso V\u00e1zquez<\/li>\n<li>Quique Varela<\/li>\n<\/ul>\n<p>[\/et_pb_text][et_pb_text admin_label=&#8221;Asesor\u00eda legal&#8221; _builder_version=&#8221;3.4.1&#8243;]<\/p>\n<h2>Asesor\u00eda Legal<\/h2>\n<ul>\n<li>Enrique Otero<\/li>\n<\/ul>\n<p>[\/et_pb_text][\/et_pb_column][et_pb_column type=&#8221;1_4&#8243;][et_pb_text admin_label=&#8221;Simulacion campo&#8221; _builder_version=&#8221;3.4.1&#8243;]<\/p>\n<h2>Simulaci\u00f3n campo de refuxiados<\/h2>\n<h3>Escen\u00f3grafo<\/h3>\n<ul>\n<li>Suso Montero<\/li>\n<\/ul>\n<h3>Montaxe Campo<\/h3>\n<ul>\n<li>Colectivo FLU-OR<\/li>\n<\/ul>\n<p>[\/et_pb_text][et_pb_text admin_label=&#8221;Audiovisual&#8221; _builder_version=&#8221;3.4.1&#8243; border_style=&#8221;solid&#8221;]<\/p>\n<h2>Producci\u00f3n audiovisual<\/h2>\n<ul>\n<li>Clara L\u00f3pez<\/li>\n<li>Javier Garc\u00eda Alonso<\/li>\n<\/ul>\n<p>[\/et_pb_text][et_pb_text admin_label=&#8221;Medios de comunicaci\u00f3n&#8221; _builder_version=&#8221;3.17.6&#8243;]<\/p>\n<h2>Gabinete de Medios<\/h2>\n<ul>\n<li><a href=\"http:\/\/www.masstres.es\/inicio.html\" target=\"_blank\" rel=\"noopener\">Masstres Comunicaci\u00f3n<\/a><\/li>\n<\/ul>\n<p>[\/et_pb_text][et_pb_text admin_label=&#8221;traducci\u00f3ns&#8221; _builder_version=&#8221;3.4.1&#8243;]<\/p>\n<h2>Traduci\u00f3ns Ingles<\/h2>\n<ul>\n<li>Amy Bronwen Eduardes<\/li>\n<\/ul>\n<p>[\/et_pb_text][et_pb_text admin_label=&#8221;Galego&#8221; _builder_version=&#8221;3.4.1&#8243;]<\/p>\n<h2>Ling\u00fcista Galego<\/h2>\n<ul>\n<li>Bego\u00f1a M\u00e9ndez<\/li>\n<\/ul>\n<p>[\/et_pb_text][\/et_pb_column][et_pb_column type=&#8221;1_4&#8243;][et_pb_text admin_label=&#8221;Gesti\u00f3n de Patrocinios&#8221; _builder_version=&#8221;3.4.1&#8243;]<\/p>\n<h2>Patrocinios<\/h2>\n<h3>Memorias<\/h3>\n<ul>\n<li>Carmen Armada<\/li>\n<li>Daniel Ayuso<\/li>\n<\/ul>\n<h3>Xesti\u00f3n de Patrocinios<\/h3>\n<ul>\n<li>Jes\u00fas Caballero<\/li>\n<\/ul>\n<p>[\/et_pb_text][et_pb_text admin_label=&#8221;Colaboran&#8221; _builder_version=&#8221;3.4.1&#8243; border_style=&#8221;solid&#8221; disabled_on=&#8221;off|off|off&#8221; disabled=&#8221;off&#8221; locked=&#8221;off&#8221; collapsed=&#8221;on&#8221;]<\/p>\n<h2>Colaboran<\/h2>\n<ul>\n<li>Calos L\u00f3pez Keller<\/li>\n<li>Luis Manuel Santalla<\/li>\n<li>Juan Miguel Salgado<\/li>\n<\/ul>\n<p>[\/et_pb_text][et_pb_text admin_label=&#8221;Voluntariado&#8221; _builder_version=&#8221;3.4.1&#8243;]<\/p>\n<h2>Voluntariado<\/h2>\n<ul>\n<li>Julia Lago<\/li>\n<li>Hortensia Rossi<\/li>\n<\/ul>\n<p>[\/et_pb_text][\/et_pb_column][\/et_pb_row][\/et_pb_section]<\/p>\n","protected":false},"excerpt":{"rendered":"<p>CR\u00c9DITOS ACAMPA 2018 Pola paz e o dereito ao refuxio Coordinador Xeral Xos\u00e9 Abad Secretar\u00eda Carlos Reguera Econom\u00eda Bernardo Seoane Organizaci\u00f3ns sociais Rub\u00e9n S\u00e1nchez Lox\u00edstica Raquel Barbeito Relaci\u00f3ns institucionais Bernardo Seoane Programaci\u00f3n Clara L\u00f3pez Infraestructuras Luis Vivanco Pedro Abad Equipo de dese\u00f1o Coordinadora Aitana Tub\u00edo Dese\u00f1o Cat\u00e1logo Luis Llor\u00e9ns Ilustraci\u00f3ns Carlos Gallego Sitio web Alfonso [&hellip;]<\/p>\n","protected":false},"author":2,"featured_media":0,"parent":0,"menu_order":0,"comment_status":"closed","ping_status":"closed","template":"","meta":{"_et_pb_use_builder":"on","_et_pb_old_content":"","_et_gb_content_width":"","inline_featured_image":false,"footnotes":""},"class_list":["post-35824","page","type-page","status-publish","hentry"],"yoast_head":"<!-- This site is optimized with the Yoast SEO plugin v25.9 - https:\/\/yoast.com\/wordpress\/plugins\/seo\/ -->\n<title>Cr\u00e9ditos | Acampa 2018 - Pola paz e o dereito a refuxio<\/title>\n<meta name=\"robots\" content=\"index, follow, max-snippet:-1, max-image-preview:large, max-video-preview:-1\" \/>\n<link rel=\"canonical\" href=\"https:\/\/coruna2018.redeacampa.org\/gl\/creditos\/\" \/>\n<meta property=\"og:locale\" content=\"gl_ES\" \/>\n<meta property=\"og:type\" content=\"article\" \/>\n<meta property=\"og:title\" content=\"Cr\u00e9ditos | Acampa 2018 - Pola paz e o dereito a refuxio\" \/>\n<meta property=\"og:description\" content=\"CR\u00c9DITOS ACAMPA 2018 Pola paz e o dereito ao refuxio Coordinador Xeral Xos\u00e9 Abad Secretar\u00eda Carlos Reguera Econom\u00eda Bernardo Seoane Organizaci\u00f3ns sociais Rub\u00e9n S\u00e1nchez Lox\u00edstica Raquel Barbeito Relaci\u00f3ns institucionais Bernardo Seoane Programaci\u00f3n Clara L\u00f3pez Infraestructuras Luis Vivanco Pedro Abad Equipo de dese\u00f1o Coordinadora Aitana Tub\u00edo Dese\u00f1o Cat\u00e1logo Luis Llor\u00e9ns Ilustraci\u00f3ns Carlos Gallego Sitio web Alfonso [&hellip;]\" \/>\n<meta property=\"og:url\" content=\"https:\/\/coruna2018.redeacampa.org\/gl\/creditos\/\" \/>\n<meta property=\"og:site_name\" content=\"Acampa 2018 - Pola paz e o dereito a refuxio\" \/>\n<meta property=\"article:modified_time\" content=\"2018-11-27T18:01:16+00:00\" \/>\n<meta name=\"twitter:card\" content=\"summary_large_image\" \/>\n<meta name=\"twitter:label1\" content=\"Tempo de lectura\" \/>\n\t<meta name=\"twitter:data1\" content=\"3 minutos\" \/>\n<script type=\"application\/ld+json\" class=\"yoast-schema-graph\">{\"@context\":\"https:\/\/schema.org\",\"@graph\":[{\"@type\":\"WebPage\",\"@id\":\"https:\/\/coruna2018.redeacampa.org\/gl\/creditos\/\",\"url\":\"https:\/\/coruna2018.redeacampa.org\/gl\/creditos\/\",\"name\":\"Cr\u00e9ditos | Acampa 2018 - Pola paz e o dereito a refuxio\",\"isPartOf\":{\"@id\":\"https:\/\/coruna2018.redeacampa.org\/gl\/#website\"},\"datePublished\":\"2017-06-10T10:06:45+00:00\",\"dateModified\":\"2018-11-27T18:01:16+00:00\",\"breadcrumb\":{\"@id\":\"https:\/\/coruna2018.redeacampa.org\/gl\/creditos\/#breadcrumb\"},\"inLanguage\":\"gl-ES\",\"potentialAction\":[{\"@type\":\"ReadAction\",\"target\":[\"https:\/\/coruna2018.redeacampa.org\/gl\/creditos\/\"]}]},{\"@type\":\"BreadcrumbList\",\"@id\":\"https:\/\/coruna2018.redeacampa.org\/gl\/creditos\/#breadcrumb\",\"itemListElement\":[{\"@type\":\"ListItem\",\"position\":1,\"name\":\"Portada\",\"item\":\"https:\/\/coruna2018.redeacampa.org\/gl\/\"},{\"@type\":\"ListItem\",\"position\":2,\"name\":\"Cr\u00e9ditos\"}]},{\"@type\":\"WebSite\",\"@id\":\"https:\/\/coruna2018.redeacampa.org\/gl\/#website\",\"url\":\"https:\/\/coruna2018.redeacampa.org\/gl\/\",\"name\":\"Acampa 2018 - Pola paz e o dereito a refuxio\",\"description\":\"Unha iniciativa cidad\u00e1 sen fins de lucro integrada por colectivos sociais, culturais, educativos, veci\u00f1ais, pol\u00edticos, sindicais, art\u00edsticos, de persoas solidarias, de instituci\u00f3ns e empresas con responsabilidade social que te\u00f1en como obxectivo a defensa dos dereitos humanos, o Dereito Internacional Humanitario e o Dereito a Refuxio.\",\"potentialAction\":[{\"@type\":\"SearchAction\",\"target\":{\"@type\":\"EntryPoint\",\"urlTemplate\":\"https:\/\/coruna2018.redeacampa.org\/gl\/?s={search_term_string}\"},\"query-input\":{\"@type\":\"PropertyValueSpecification\",\"valueRequired\":true,\"valueName\":\"search_term_string\"}}],\"inLanguage\":\"gl-ES\"}]}<\/script>\n<!-- \/ Yoast SEO plugin. -->","yoast_head_json":{"title":"Cr\u00e9ditos | Acampa 2018 - Pola paz e o dereito a refuxio","robots":{"index":"index","follow":"follow","max-snippet":"max-snippet:-1","max-image-preview":"max-image-preview:large","max-video-preview":"max-video-preview:-1"},"canonical":"https:\/\/coruna2018.redeacampa.org\/gl\/creditos\/","og_locale":"gl_ES","og_type":"article","og_title":"Cr\u00e9ditos | Acampa 2018 - Pola paz e o dereito a refuxio","og_description":"CR\u00c9DITOS ACAMPA 2018 Pola paz e o dereito ao refuxio Coordinador Xeral Xos\u00e9 Abad Secretar\u00eda Carlos Reguera Econom\u00eda Bernardo Seoane Organizaci\u00f3ns sociais Rub\u00e9n S\u00e1nchez Lox\u00edstica Raquel Barbeito Relaci\u00f3ns institucionais Bernardo Seoane Programaci\u00f3n Clara L\u00f3pez Infraestructuras Luis Vivanco Pedro Abad Equipo de dese\u00f1o Coordinadora Aitana Tub\u00edo Dese\u00f1o Cat\u00e1logo Luis Llor\u00e9ns Ilustraci\u00f3ns Carlos Gallego Sitio web Alfonso [&hellip;]","og_url":"https:\/\/coruna2018.redeacampa.org\/gl\/creditos\/","og_site_name":"Acampa 2018 - Pola paz e o dereito a refuxio","article_modified_time":"2018-11-27T18:01:16+00:00","twitter_card":"summary_large_image","twitter_misc":{"Tempo de lectura":"3 minutos"},"schema":{"@context":"https:\/\/schema.org","@graph":[{"@type":"WebPage","@id":"https:\/\/coruna2018.redeacampa.org\/gl\/creditos\/","url":"https:\/\/coruna2018.redeacampa.org\/gl\/creditos\/","name":"Cr\u00e9ditos | Acampa 2018 - Pola paz e o dereito a refuxio","isPartOf":{"@id":"https:\/\/coruna2018.redeacampa.org\/gl\/#website"},"datePublished":"2017-06-10T10:06:45+00:00","dateModified":"2018-11-27T18:01:16+00:00","breadcrumb":{"@id":"https:\/\/coruna2018.redeacampa.org\/gl\/creditos\/#breadcrumb"},"inLanguage":"gl-ES","potentialAction":[{"@type":"ReadAction","target":["https:\/\/coruna2018.redeacampa.org\/gl\/creditos\/"]}]},{"@type":"BreadcrumbList","@id":"https:\/\/coruna2018.redeacampa.org\/gl\/creditos\/#breadcrumb","itemListElement":[{"@type":"ListItem","position":1,"name":"Portada","item":"https:\/\/coruna2018.redeacampa.org\/gl\/"},{"@type":"ListItem","position":2,"name":"Cr\u00e9ditos"}]},{"@type":"WebSite","@id":"https:\/\/coruna2018.redeacampa.org\/gl\/#website","url":"https:\/\/coruna2018.redeacampa.org\/gl\/","name":"Acampa 2018 - Pola paz e o dereito a refuxio","description":"Unha iniciativa cidad\u00e1 sen fins de lucro integrada por colectivos sociais, culturais, educativos, veci\u00f1ais, pol\u00edticos, sindicais, art\u00edsticos, de persoas solidarias, de instituci\u00f3ns e empresas con responsabilidade social que te\u00f1en como obxectivo a defensa dos dereitos humanos, o Dereito Internacional Humanitario e o Dereito a Refuxio.","potentialAction":[{"@type":"SearchAction","target":{"@type":"EntryPoint","urlTemplate":"https:\/\/coruna2018.redeacampa.org\/gl\/?s={search_term_string}"},"query-input":{"@type":"PropertyValueSpecification","valueRequired":true,"valueName":"search_term_string"}}],"inLanguage":"gl-ES"}]}},"_links":{"self":[{"href":"https:\/\/coruna2018.redeacampa.org\/gl\/wp-json\/wp\/v2\/pages\/35824","targetHints":{"allow":["GET"]}}],"collection":[{"href":"https:\/\/coruna2018.redeacampa.org\/gl\/wp-json\/wp\/v2\/pages"}],"about":[{"href":"https:\/\/coruna2018.redeacampa.org\/gl\/wp-json\/wp\/v2\/types\/page"}],"author":[{"embeddable":true,"href":"https:\/\/coruna2018.redeacampa.org\/gl\/wp-json\/wp\/v2\/users\/2"}],"replies":[{"embeddable":true,"href":"https:\/\/coruna2018.redeacampa.org\/gl\/wp-json\/wp\/v2\/comments?post=35824"}],"version-history":[{"count":0,"href":"https:\/\/coruna2018.redeacampa.org\/gl\/wp-json\/wp\/v2\/pages\/35824\/revisions"}],"wp:attachment":[{"href":"https:\/\/coruna2018.redeacampa.org\/gl\/wp-json\/wp\/v2\/media?parent=35824"}],"curies":[{"name":"wp","href":"https:\/\/api.w.org\/{rel}","templated":true}]}}