{"id":38476,"date":"2018-06-04T10:52:11","date_gmt":"2018-06-04T08:52:11","guid":{"rendered":"https:\/\/www.acampa.eu\/?page_id=38476"},"modified":"2021-02-06T14:50:15","modified_gmt":"2021-02-06T13:50:15","slug":"medios","status":"publish","type":"page","link":"https:\/\/coruna2018.redeacampa.org\/es\/medios\/","title":{"rendered":"Medios"},"content":{"rendered":"<p>[et_pb_section bb_built=\u00bb1&#8243; fullwidth=\u00bboff\u00bb specialty=\u00bboff\u00bb _builder_version=\u00bb3.0.51&#8243; background_color=\u00bb#CD1619&#8243; custom_padding=\u00bb30px||30px|\u00bb next_background_color=\u00bb#ffffff\u00bb][et_pb_row background_position=\u00bbtop_left\u00bb background_repeat=\u00bbrepeat\u00bb background_size=\u00bbinitial\u00bb][et_pb_column type=\u00bb4_4&#8243;][et_pb_text _builder_version=\u00bb3.4.1&#8243; background_layout=\u00bbdark\u00bb border_style=\u00bbsolid\u00bb]<\/p>\n<h1>Acampa 2018 en los Medios<\/h1>\n<p>Pola paz e o dereito ao refuxio<\/p>\n<p>[\/et_pb_text][\/et_pb_column][\/et_pb_row][\/et_pb_section][et_pb_section bb_built=\u00bb1&#8243; admin_label=\u00bbsection\u00bb _builder_version=\u00bb3.4.1&#8243; module_class=\u00bbcreditos medios\u00bb background_size=\u00bbinitial\u00bb background_repeat=\u00bbrepeat\u00bb prev_background_color=\u00bb#CD1619&#8243;][et_pb_row background_position=\u00bbtop_left\u00bb background_repeat=\u00bbrepeat\u00bb background_size=\u00bbinitial\u00bb][et_pb_column type=\u00bb4_4&#8243;][et_pb_image _builder_version=\u00bb3.4.1&#8243; src=\u00bb\/wp-content\/uploads\/2018-BANNER-HORIZONTAL-820&#215;312.png\u00bb show_in_lightbox=\u00bbon\u00bb animation_style=\u00bbslide\u00bb animation_duration=\u00bb500ms\u00bb animation_intensity_slide=\u00bb10%\u00bb animation_direction=\u00bbleft\u00bb \/][\/et_pb_column][\/et_pb_row][et_pb_row admin_label=\u00bbrow\u00bb background_position=\u00bbtop_left\u00bb background_repeat=\u00bbrepeat\u00bb background_size=\u00bbinitial\u00bb _builder_version=\u00bb3.4.1&#8243;][et_pb_column type=\u00bb1_2&#8243;][et_pb_text admin_label=\u00bbT\u00edtulo\u00bb _builder_version=\u00bb3.4.1&#8243; custom_margin=\u00bb||0px|\u00bb]<\/p>\n<h2>Dossier de Prensa<\/h2>\n<p>[\/et_pb_text][et_pb_blurb admin_label=\u00bbNota Xeral\u00bb _builder_version=\u00bb3.4.1&#8243; title=\u00bbNota xeral Acampa 2018&#8243; url=\u00bb\/wp-content\/uploads\/Acampa-18-Nota-XeralGAL.pdf\u00bb url_new_window=\u00bbon\u00bb use_icon=\u00bbon\u00bb font_icon=\u00bb%%206%%\u00bb icon_placement=\u00bbleft\u00bb header_level=\u00bbh3&#8243; header_text_color=\u00bb#000000&#8243; use_icon_font_size=\u00bbon\u00bb icon_font_size=\u00bb25px\u00bb header_font_size=\u00bb17&#8243; \/][et_pb_blurb admin_label=\u00bbPrograma\u00bb _builder_version=\u00bb3.4.1&#8243; title=\u00bbPrograma Acampa 2018&#8243; url=\u00bb\/wp-content\/uploads\/Acampa-18-ProgramaGAL.pdf\u00bb url_new_window=\u00bbon\u00bb use_icon=\u00bbon\u00bb font_icon=\u00bb%%206%%\u00bb icon_placement=\u00bbleft\u00bb header_level=\u00bbh3&#8243; header_text_color=\u00bb#000000&#8243; use_icon_font_size=\u00bbon\u00bb icon_font_size=\u00bb25px\u00bb header_font_size=\u00bb17&#8243; \/][et_pb_blurb admin_label=\u00bbEntidades\u00bb _builder_version=\u00bb3.4.1&#8243; title=\u00bbEntidades Acampa 2018&#8243; url=\u00bb\/wp-content\/uploads\/Acampa-18-EntidadesGAL.pdf\u00bb url_new_window=\u00bbon\u00bb use_icon=\u00bbon\u00bb font_icon=\u00bb%%206%%\u00bb icon_placement=\u00bbleft\u00bb header_level=\u00bbh3&#8243; header_text_color=\u00bb#000000&#8243; use_icon_font_size=\u00bbon\u00bb icon_font_size=\u00bb25px\u00bb header_font_size=\u00bb17&#8243; \/][et_pb_blurb admin_label=\u00bbManifiesto\u00bb _builder_version=\u00bb3.4.1&#8243; title=\u00bbManifiesto: No tienen rostro ni conciencia\u00bb url=\u00bb\/wp-content\/uploads\/Manifiesto-No-tienen-rostro-ni-conciencia.pdf\u00bb url_new_window=\u00bbon\u00bb use_icon=\u00bbon\u00bb font_icon=\u00bb%%206%%\u00bb icon_placement=\u00bbleft\u00bb header_level=\u00bbh3&#8243; header_text_color=\u00bb#000000&#8243; use_icon_font_size=\u00bbon\u00bb icon_font_size=\u00bb25px\u00bb header_font_size=\u00bb17&#8243; \/][et_pb_blurb admin_label=\u00bbComplices\u00bb _builder_version=\u00bb3.4.1&#8243; title=\u00bbC\u00f3mplices y v\u00edctimas en tiempo de descuento\u00bb url=\u00bb\/wp-content\/uploads\/Complices-y-victimas-en-tiempo-de-descuento.pdf\u00bb url_new_window=\u00bbon\u00bb use_icon=\u00bbon\u00bb font_icon=\u00bb%%206%%\u00bb icon_placement=\u00bbleft\u00bb header_level=\u00bbh3&#8243; header_text_color=\u00bb#000000&#8243; use_icon_font_size=\u00bbon\u00bb icon_font_size=\u00bb25px\u00bb header_font_size=\u00bb17&#8243; \/][et_pb_blurb admin_label=\u00bbNota actividades d\u00eda 14&#8243; _builder_version=\u00bb3.6&#8243; title=\u00bbNota actividades d\u00eda 14&#8243; url=\u00bb\/wp-content\/uploads\/Acampa-18-Nota-13junioActividades.pdf\u00bb url_new_window=\u00bbon\u00bb use_icon=\u00bbon\u00bb font_icon=\u00bb%%206%%\u00bb icon_placement=\u00bbleft\u00bb header_level=\u00bbh3&#8243; header_text_color=\u00bb#000000&#8243; use_icon_font_size=\u00bbon\u00bb icon_font_size=\u00bb25px\u00bb header_font_size=\u00bb17&#8243; \/][et_pb_blurb admin_label=\u00bbNota actividades d\u00eda 15&#8243; _builder_version=\u00bb3.6&#8243; title=\u00bbNota actividades d\u00eda 15&#8243; url=\u00bb\/wp-content\/uploads\/Acampa-18-Nota14junioESP.pdf\u00bb url_new_window=\u00bbon\u00bb use_icon=\u00bbon\u00bb font_icon=\u00bb%%206%%\u00bb icon_placement=\u00bbleft\u00bb header_level=\u00bbh3&#8243; header_text_color=\u00bb#000000&#8243; use_icon_font_size=\u00bbon\u00bb icon_font_size=\u00bb25px\u00bb header_font_size=\u00bb17&#8243; \/][et_pb_text admin_label=\u00bbT\u00edtulo\u00bb _builder_version=\u00bb3.4.1&#8243; custom_margin=\u00bb||0px|\u00bb]<\/p>\n<h2>Acampa en los Peri\u00f3dicos<\/h2>\n<p>[\/et_pb_text][et_pb_blurb admin_label=\u00bbEFE\u00bb _builder_version=\u00bb3.4.1&#8243; title=\u00bbEFE: Verde 03\/06\/2018&#8243; url=\u00bbhttps:\/\/www.efeverde.com\/blog\/creadoresdeopinion\/refugiados-climaticos-acampa-pola-paz-xose-abad\/\u00bb url_new_window=\u00bbon\u00bb use_icon=\u00bbon\u00bb font_icon=\u00bb%%209%%\u00bb icon_placement=\u00bbleft\u00bb header_level=\u00bbh3&#8243; header_text_color=\u00bb#000000&#8243; use_icon_font_size=\u00bbon\u00bb icon_font_size=\u00bb25px\u00bb header_font_size=\u00bb17&#8243; \/][et_pb_blurb admin_label=\u00bbConfidencial\u00bb _builder_version=\u00bb3.4.1&#8243; title=\u00bbEl Confidencial 03\/06\/2018&#8243; url=\u00bbhttps:\/\/www.elconfidencial.com\/ultima-hora-en-vivo\/2018-06-03\/entre-250-y-1-000-millones-de-refugiados-climaticos-habra-en-30-anos_1536377\/\u00bb url_new_window=\u00bbon\u00bb use_icon=\u00bbon\u00bb font_icon=\u00bb%%209%%\u00bb icon_placement=\u00bbleft\u00bb header_level=\u00bbh3&#8243; header_text_color=\u00bb#000000&#8243; use_icon_font_size=\u00bbon\u00bb icon_font_size=\u00bb25px\u00bb header_font_size=\u00bb17&#8243; \/][et_pb_blurb admin_label=\u00bbCope\u00bb _builder_version=\u00bb3.4.1&#8243; title=\u00bbLa COPE 03\/06\/2018&#8243; url=\u00bbhttp:\/\/www.cope.es\/amp\/noticias\/biodiversidad\/entre-250-1000-millones-refugiados-climaticos-habra-anos_222507?__twitter_impression=true\u00bb url_new_window=\u00bbon\u00bb use_icon=\u00bbon\u00bb font_icon=\u00bb%%209%%\u00bb icon_placement=\u00bbleft\u00bb header_level=\u00bbh3&#8243; header_text_color=\u00bb#000000&#8243; use_icon_font_size=\u00bbon\u00bb icon_font_size=\u00bb25px\u00bb header_font_size=\u00bb17&#8243; \/][et_pb_blurb admin_label=\u00bbPeriodico\u00bb _builder_version=\u00bb3.4.1&#8243; title=\u00bbEl Peri\u00f3dico 03\/06\/2018&#8243; url=\u00bbhttps:\/\/www.elperiodico.com\/es\/sociedad\/20180603\/entre-250-y-1000-millones-de-refugiados-climaticos-habra-en-30-anos-6854589?utm_source=whatsapp\u00bb url_new_window=\u00bbon\u00bb use_icon=\u00bbon\u00bb font_icon=\u00bb%%209%%\u00bb icon_placement=\u00bbleft\u00bb header_level=\u00bbh3&#8243; header_text_color=\u00bb#000000&#8243; use_icon_font_size=\u00bbon\u00bb icon_font_size=\u00bb25px\u00bb header_font_size=\u00bb17&#8243; \/][et_pb_blurb admin_label=\u00bbPeriodico energia\u00bb _builder_version=\u00bb3.4.1&#8243; title=\u00bbEl Peri\u00f3dico de la energ\u00eda 04\/06\/2018&#8243; url=\u00bbhttps:\/\/elperiodicodelaenergia.com\/el-cambio-climatico-desplazara-entre-250-y-1-000-millones-de-personas-en-los-proximos-30-anos\/\u00bb url_new_window=\u00bbon\u00bb use_icon=\u00bbon\u00bb font_icon=\u00bb%%209%%\u00bb icon_placement=\u00bbleft\u00bb header_level=\u00bbh3&#8243; header_text_color=\u00bb#000000&#8243; use_icon_font_size=\u00bbon\u00bb icon_font_size=\u00bb25px\u00bb header_font_size=\u00bb17&#8243; \/][et_pb_blurb admin_label=\u00bbmercurio\u00bb _builder_version=\u00bb3.4.1&#8243; title=\u00bbEl Mercurio digital 04\/06\/2018&#8243; url=\u00bbhttps:\/\/www.elmercuriodigital.net\/2018\/06\/entre-250-millones-y-1000-millones-de.html?m=1&#8243; url_new_window=\u00bbon\u00bb use_icon=\u00bbon\u00bb font_icon=\u00bb%%209%%\u00bb icon_placement=\u00bbleft\u00bb header_level=\u00bbh3&#8243; header_text_color=\u00bb#000000&#8243; use_icon_font_size=\u00bbon\u00bb icon_font_size=\u00bb25px\u00bb header_font_size=\u00bb17&#8243; \/][et_pb_blurb admin_label=\u00bbOpinion\u00bb _builder_version=\u00bb3.4.1&#8243; title=\u00bbLa Opini\u00f3n de A Coru\u00f1a 07\/06\/2018&#8243; url=\u00bbhttps:\/\/www.laopinioncoruna.es\/coruna\/2018\/06\/07\/cambio-climatico-une-acampa\/1298573.html\u00bb url_new_window=\u00bbon\u00bb use_icon=\u00bbon\u00bb font_icon=\u00bb%%209%%\u00bb icon_placement=\u00bbleft\u00bb header_level=\u00bbh3&#8243; header_text_color=\u00bb#000000&#8243; use_icon_font_size=\u00bbon\u00bb icon_font_size=\u00bb25px\u00bb header_font_size=\u00bb17&#8243; \/][et_pb_button _builder_version=\u00bb3.4.1&#8243; button_text=\u00bbOtras Descargas\u00bb button_url=\u00bb\/descargas\/\u00bb button_alignment=\u00bbcenter\u00bb background_layout=\u00bbdark\u00bb custom_margin=\u00bb50px|||\u00bb \/][\/et_pb_column][et_pb_column type=\u00bb1_2&#8243;][et_pb_text admin_label=\u00bbT\u00edtulo\u00bb _builder_version=\u00bb3.4.1&#8243; custom_margin=\u00bb||0px|\u00bb]<\/p>\n<h2>Fotos de las Exposiciones<\/h2>\n<p>[\/et_pb_text][et_pb_blurb admin_label=\u00bbGrassani\u00bb _builder_version=\u00bb3.4.1&#8243; title=\u00bbAlessandro Grassani\u00bb url=\u00bb\/wp-content\/uploads\/Fotos-Grassani.zip\u00bb url_new_window=\u00bbon\u00bb use_icon=\u00bbon\u00bb font_icon=\u00bb%%237%%\u00bb icon_placement=\u00bbleft\u00bb header_level=\u00bbh3&#8243; header_text_color=\u00bb#000000&#8243; use_icon_font_size=\u00bbon\u00bb icon_font_size=\u00bb25px\u00bb header_font_size=\u00bb17&#8243; \/][et_pb_blurb admin_label=\u00bbSilva\u00bb _builder_version=\u00bb3.4.1&#8243; title=\u00bbAriadna Silva\u00bb url=\u00bb\/wp-content\/uploads\/Fotos-Ariadna-Silva.zip\u00bb url_new_window=\u00bbon\u00bb use_icon=\u00bbon\u00bb font_icon=\u00bb%%237%%\u00bb icon_placement=\u00bbleft\u00bb header_level=\u00bbh3&#8243; header_text_color=\u00bb#000000&#8243; use_icon_font_size=\u00bbon\u00bb icon_font_size=\u00bb25px\u00bb header_font_size=\u00bb17&#8243; \/][et_pb_blurb admin_label=\u00bbLee\u00bb _builder_version=\u00bb3.4.1&#8243; title=\u00bbDaesung Lee\u00bb url=\u00bb\/wp-content\/uploads\/Fotos-Daesung-Lee.zip\u00bb url_new_window=\u00bbon\u00bb use_icon=\u00bbon\u00bb font_icon=\u00bb%%237%%\u00bb icon_placement=\u00bbleft\u00bb header_level=\u00bbh3&#8243; header_text_color=\u00bb#000000&#8243; use_icon_font_size=\u00bbon\u00bb icon_font_size=\u00bb25px\u00bb header_font_size=\u00bb17&#8243; \/][et_pb_blurb admin_label=\u00bbECC\u00bb _builder_version=\u00bb3.4.1&#8243; title=\u00bbEveryday Climate Change\u00bb url=\u00bb\/wp-content\/uploads\/Fotos-ECC-Press-Every-day-climate-change.zip\u00bb url_new_window=\u00bbon\u00bb use_icon=\u00bbon\u00bb font_icon=\u00bb%%237%%\u00bb icon_placement=\u00bbleft\u00bb header_level=\u00bbh3&#8243; header_text_color=\u00bb#000000&#8243; use_icon_font_size=\u00bbon\u00bb icon_font_size=\u00bb25px\u00bb header_font_size=\u00bb17&#8243; \/][et_pb_blurb admin_label=\u00bbMoreira\u00bb _builder_version=\u00bb3.4.1&#8243; title=\u00bbJuan Pablo Moreira\u00bb url=\u00bb\/wp-content\/uploads\/Fotos-Juan-Pablo-Moreira.zip\u00bb url_new_window=\u00bbon\u00bb use_icon=\u00bbon\u00bb font_icon=\u00bb%%237%%\u00bb icon_placement=\u00bbleft\u00bb header_level=\u00bbh3&#8243; header_text_color=\u00bb#000000&#8243; use_icon_font_size=\u00bbon\u00bb icon_font_size=\u00bb25px\u00bb header_font_size=\u00bb17&#8243; \/][et_pb_blurb admin_label=\u00bbMurray\u00bb _builder_version=\u00bb3.4.1&#8243; title=\u00bbLisa Murray\u00bb url=\u00bb\/wp-content\/uploads\/Fotos-de-Lisa-Murray.zip\u00bb url_new_window=\u00bbon\u00bb use_icon=\u00bbon\u00bb font_icon=\u00bb%%237%%\u00bb icon_placement=\u00bbleft\u00bb header_level=\u00bbh3&#8243; header_text_color=\u00bb#000000&#8243; use_icon_font_size=\u00bbon\u00bb icon_font_size=\u00bb25px\u00bb header_font_size=\u00bb17&#8243; \/][et_pb_blurb admin_label=\u00bbArmestre\u00bb _builder_version=\u00bb3.4.1&#8243; title=\u00bbPedro Armestre\u00bb url=\u00bb\/wp-content\/uploads\/Fotos-de-Pedro-Armestre.zip\u00bb url_new_window=\u00bbon\u00bb use_icon=\u00bbon\u00bb font_icon=\u00bb%%237%%\u00bb icon_placement=\u00bbleft\u00bb header_level=\u00bbh3&#8243; header_text_color=\u00bb#000000&#8243; use_icon_font_size=\u00bbon\u00bb icon_font_size=\u00bb25px\u00bb header_font_size=\u00bb17&#8243; \/][et_pb_text admin_label=\u00bbT\u00edtulo\u00bb _builder_version=\u00bb3.4.1&#8243; custom_margin=\u00bb||0px|\u00bb]<\/p>\n<h2>Cu\u00f1as Radiof\u00f3nicas<\/h2>\n<p>[\/et_pb_text][et_pb_text admin_label=\u00bbCu\u00f1as \u00bb _builder_version=\u00bb3.6&#8243; custom_margin=\u00bb|10px||10px\u00bb]<\/p>\n<p>Derecho de Asilo por Cambio Clim\u00e1tico<br \/>\n<!--[if lt IE 9]><script>document.createElement('audio');<\/script><![endif]-->\n<audio class=\"wp-audio-shortcode\" id=\"audio-38476-1\" preload=\"none\" style=\"width: 100%;\" controls=\"controls\"><source type=\"audio\/mpeg\" src=\"\/wp-content\/uploads\/ACAMPA-02-DEREITO-ASILO.mp3?_=1\" \/><a href=\"\/wp-content\/uploads\/ACAMPA-02-DEREITO-ASILO.mp3\">\/wp-content\/uploads\/ACAMPA-02-DEREITO-ASILO.mp3<\/a><\/audio><\/p>\n<p>Ni\u00f1os en la Guerra<br \/>\n<audio class=\"wp-audio-shortcode\" id=\"audio-38476-2\" preload=\"none\" style=\"width: 100%;\" controls=\"controls\"><source type=\"audio\/mpeg\" src=\"\/wp-content\/uploads\/ACAMPA-03-NENOS-NA-GUERRA.mp3?_=2\" \/><a href=\"\/wp-content\/uploads\/ACAMPA-03-NENOS-NA-GUERRA.mp3\">\/wp-content\/uploads\/ACAMPA-03-NENOS-NA-GUERRA.mp3<\/a><\/audio><\/p>\n<p>Muertes en el Mediterr\u00e1neo<br \/>\n<audio class=\"wp-audio-shortcode\" id=\"audio-38476-3\" preload=\"none\" style=\"width: 100%;\" controls=\"controls\"><source type=\"audio\/mpeg\" src=\"\/wp-content\/uploads\/ACAMPA-04-MORTES-NO-MEDITERRANEO.mp3?_=3\" \/><a href=\"\/wp-content\/uploads\/ACAMPA-04-MORTES-NO-MEDITERRANEO.mp3\">\/wp-content\/uploads\/ACAMPA-04-MORTES-NO-MEDITERRANEO.mp3<\/a><\/audio><\/p>\n<p>Actividades Acampa 2018<br \/>\n<audio class=\"wp-audio-shortcode\" id=\"audio-38476-4\" preload=\"none\" style=\"width: 100%;\" controls=\"controls\"><source type=\"audio\/mpeg\" src=\"\/wp-content\/uploads\/ACAMPA-05-ACTIVIDADES.mp3?_=4\" \/><a href=\"\/wp-content\/uploads\/ACAMPA-05-ACTIVIDADES.mp3\">\/wp-content\/uploads\/ACAMPA-05-ACTIVIDADES.mp3<\/a><\/audio><\/p>\n<p>Vivienda Digna<br \/>\n<audio class=\"wp-audio-shortcode\" id=\"audio-38476-5\" preload=\"none\" style=\"width: 100%;\" controls=\"controls\"><source type=\"audio\/mpeg\" src=\"\/wp-content\/uploads\/ACAMPA-07-VIVENDA-DIGNA.mp3?_=5\" \/><a href=\"\/wp-content\/uploads\/ACAMPA-07-VIVENDA-DIGNA.mp3\">\/wp-content\/uploads\/ACAMPA-07-VIVENDA-DIGNA.mp3<\/a><\/audio><\/p>\n<p>Derecho de Asilo<br \/>\n<audio class=\"wp-audio-shortcode\" id=\"audio-38476-6\" preload=\"none\" style=\"width: 100%;\" controls=\"controls\"><source type=\"audio\/mpeg\" src=\"\/wp-content\/uploads\/ACAMPA-08-DEREITO-ASILO.mp3?_=6\" \/><a href=\"\/wp-content\/uploads\/ACAMPA-08-DEREITO-ASILO.mp3\">\/wp-content\/uploads\/ACAMPA-08-DEREITO-ASILO.mp3<\/a><\/audio><\/p>\n<p>Exposiciones de Fotografos Acampa 2018<br \/>\n<audio class=\"wp-audio-shortcode\" id=\"audio-38476-7\" preload=\"none\" style=\"width: 100%;\" controls=\"controls\"><source type=\"audio\/mpeg\" src=\"\/wp-content\/uploads\/ACAMPA-09-EXPO-FOTOGRAFOS.mp3?_=7\" \/><a href=\"\/wp-content\/uploads\/ACAMPA-09-EXPO-FOTOGRAFOS.mp3\">\/wp-content\/uploads\/ACAMPA-09-EXPO-FOTOGRAFOS.mp3<\/a><\/audio><\/p>\n<p>[\/et_pb_text][\/et_pb_column][\/et_pb_row][\/et_pb_section]<\/p>\n","protected":false},"excerpt":{"rendered":"<p>Acampa 2018 en los Medios Pola paz e o dereito ao refuxio Dossier de Prensa Acampa en los Peri\u00f3dicos Fotos de las Exposiciones Cu\u00f1as Radiof\u00f3nicas Derecho de Asilo por Cambio Clim\u00e1tico Ni\u00f1os en la Guerra Muertes en el Mediterr\u00e1neo Actividades Acampa 2018 Vivienda Digna Derecho de Asilo Exposiciones de Fotografos Acampa 2018<\/p>\n","protected":false},"author":2,"featured_media":0,"parent":0,"menu_order":0,"comment_status":"closed","ping_status":"closed","template":"","meta":{"_et_pb_use_builder":"on","_et_pb_old_content":"","_et_gb_content_width":"","inline_featured_image":false,"footnotes":""},"class_list":["post-38476","page","type-page","status-publish","hentry"],"yoast_head":"<!-- This site is optimized with the Yoast SEO plugin v25.9 - https:\/\/yoast.com\/wordpress\/plugins\/seo\/ -->\n<title>Medios | Acampa 2018 - Pola paz e o dereito a refuxio<\/title>\n<meta name=\"robots\" content=\"index, follow, max-snippet:-1, max-image-preview:large, max-video-preview:-1\" \/>\n<link rel=\"canonical\" href=\"https:\/\/coruna2018.redeacampa.org\/es\/medios\/\" \/>\n<meta property=\"og:locale\" content=\"es_ES\" \/>\n<meta property=\"og:type\" content=\"article\" \/>\n<meta property=\"og:title\" content=\"Medios | Acampa 2018 - Pola paz e o dereito a refuxio\" \/>\n<meta property=\"og:description\" content=\"Acampa 2018 en los Medios Pola paz e o dereito ao refuxio Dossier de Prensa Acampa en los Peri\u00f3dicos Fotos de las Exposiciones Cu\u00f1as Radiof\u00f3nicas Derecho de Asilo por Cambio Clim\u00e1tico Ni\u00f1os en la Guerra Muertes en el Mediterr\u00e1neo Actividades Acampa 2018 Vivienda Digna Derecho de Asilo Exposiciones de Fotografos Acampa 2018\" \/>\n<meta property=\"og:url\" content=\"https:\/\/coruna2018.redeacampa.org\/es\/medios\/\" \/>\n<meta property=\"og:site_name\" content=\"Acampa 2018 - Pola paz e o dereito a refuxio\" \/>\n<meta property=\"article:modified_time\" content=\"2021-02-06T13:50:15+00:00\" \/>\n<meta name=\"twitter:card\" content=\"summary_large_image\" \/>\n<meta name=\"twitter:label1\" content=\"Tiempo de lectura\" \/>\n\t<meta name=\"twitter:data1\" content=\"7 minutos\" \/>\n<script type=\"application\/ld+json\" class=\"yoast-schema-graph\">{\"@context\":\"https:\/\/schema.org\",\"@graph\":[{\"@type\":\"WebPage\",\"@id\":\"https:\/\/coruna2018.redeacampa.org\/es\/medios\/\",\"url\":\"https:\/\/coruna2018.redeacampa.org\/es\/medios\/\",\"name\":\"Medios | Acampa 2018 - Pola paz e o dereito a refuxio\",\"isPartOf\":{\"@id\":\"https:\/\/coruna2018.redeacampa.org\/es\/#website\"},\"datePublished\":\"2018-06-04T08:52:11+00:00\",\"dateModified\":\"2021-02-06T13:50:15+00:00\",\"breadcrumb\":{\"@id\":\"https:\/\/coruna2018.redeacampa.org\/es\/medios\/#breadcrumb\"},\"inLanguage\":\"es\",\"potentialAction\":[{\"@type\":\"ReadAction\",\"target\":[\"https:\/\/coruna2018.redeacampa.org\/es\/medios\/\"]}]},{\"@type\":\"BreadcrumbList\",\"@id\":\"https:\/\/coruna2018.redeacampa.org\/es\/medios\/#breadcrumb\",\"itemListElement\":[{\"@type\":\"ListItem\",\"position\":1,\"name\":\"Portada\",\"item\":\"https:\/\/coruna2018.redeacampa.org\/es\/\"},{\"@type\":\"ListItem\",\"position\":2,\"name\":\"Medios\"}]},{\"@type\":\"WebSite\",\"@id\":\"https:\/\/coruna2018.redeacampa.org\/es\/#website\",\"url\":\"https:\/\/coruna2018.redeacampa.org\/es\/\",\"name\":\"Acampa 2018 - Pola paz e o dereito a refuxio\",\"description\":\"Unha iniciativa cidad\u00e1 sen fins de lucro integrada por colectivos sociais, culturais, educativos, veci\u00f1ais, pol\u00edticos, sindicais, art\u00edsticos, de persoas solidarias, de instituci\u00f3ns e empresas con responsabilidade social que te\u00f1en como obxectivo a defensa dos dereitos humanos, o Dereito Internacional Humanitario e o Dereito a Refuxio.\",\"potentialAction\":[{\"@type\":\"SearchAction\",\"target\":{\"@type\":\"EntryPoint\",\"urlTemplate\":\"https:\/\/coruna2018.redeacampa.org\/es\/?s={search_term_string}\"},\"query-input\":{\"@type\":\"PropertyValueSpecification\",\"valueRequired\":true,\"valueName\":\"search_term_string\"}}],\"inLanguage\":\"es\"}]}<\/script>\n<!-- \/ Yoast SEO plugin. -->","yoast_head_json":{"title":"Medios | Acampa 2018 - Pola paz e o dereito a refuxio","robots":{"index":"index","follow":"follow","max-snippet":"max-snippet:-1","max-image-preview":"max-image-preview:large","max-video-preview":"max-video-preview:-1"},"canonical":"https:\/\/coruna2018.redeacampa.org\/es\/medios\/","og_locale":"es_ES","og_type":"article","og_title":"Medios | Acampa 2018 - Pola paz e o dereito a refuxio","og_description":"Acampa 2018 en los Medios Pola paz e o dereito ao refuxio Dossier de Prensa Acampa en los Peri\u00f3dicos Fotos de las Exposiciones Cu\u00f1as Radiof\u00f3nicas Derecho de Asilo por Cambio Clim\u00e1tico Ni\u00f1os en la Guerra Muertes en el Mediterr\u00e1neo Actividades Acampa 2018 Vivienda Digna Derecho de Asilo Exposiciones de Fotografos Acampa 2018","og_url":"https:\/\/coruna2018.redeacampa.org\/es\/medios\/","og_site_name":"Acampa 2018 - Pola paz e o dereito a refuxio","article_modified_time":"2021-02-06T13:50:15+00:00","twitter_card":"summary_large_image","twitter_misc":{"Tiempo de lectura":"7 minutos"},"schema":{"@context":"https:\/\/schema.org","@graph":[{"@type":"WebPage","@id":"https:\/\/coruna2018.redeacampa.org\/es\/medios\/","url":"https:\/\/coruna2018.redeacampa.org\/es\/medios\/","name":"Medios | Acampa 2018 - Pola paz e o dereito a refuxio","isPartOf":{"@id":"https:\/\/coruna2018.redeacampa.org\/es\/#website"},"datePublished":"2018-06-04T08:52:11+00:00","dateModified":"2021-02-06T13:50:15+00:00","breadcrumb":{"@id":"https:\/\/coruna2018.redeacampa.org\/es\/medios\/#breadcrumb"},"inLanguage":"es","potentialAction":[{"@type":"ReadAction","target":["https:\/\/coruna2018.redeacampa.org\/es\/medios\/"]}]},{"@type":"BreadcrumbList","@id":"https:\/\/coruna2018.redeacampa.org\/es\/medios\/#breadcrumb","itemListElement":[{"@type":"ListItem","position":1,"name":"Portada","item":"https:\/\/coruna2018.redeacampa.org\/es\/"},{"@type":"ListItem","position":2,"name":"Medios"}]},{"@type":"WebSite","@id":"https:\/\/coruna2018.redeacampa.org\/es\/#website","url":"https:\/\/coruna2018.redeacampa.org\/es\/","name":"Acampa 2018 - Pola paz e o dereito a refuxio","description":"Unha iniciativa cidad\u00e1 sen fins de lucro integrada por colectivos sociais, culturais, educativos, veci\u00f1ais, pol\u00edticos, sindicais, art\u00edsticos, de persoas solidarias, de instituci\u00f3ns e empresas con responsabilidade social que te\u00f1en como obxectivo a defensa dos dereitos humanos, o Dereito Internacional Humanitario e o Dereito a Refuxio.","potentialAction":[{"@type":"SearchAction","target":{"@type":"EntryPoint","urlTemplate":"https:\/\/coruna2018.redeacampa.org\/es\/?s={search_term_string}"},"query-input":{"@type":"PropertyValueSpecification","valueRequired":true,"valueName":"search_term_string"}}],"inLanguage":"es"}]}},"_links":{"self":[{"href":"https:\/\/coruna2018.redeacampa.org\/es\/wp-json\/wp\/v2\/pages\/38476","targetHints":{"allow":["GET"]}}],"collection":[{"href":"https:\/\/coruna2018.redeacampa.org\/es\/wp-json\/wp\/v2\/pages"}],"about":[{"href":"https:\/\/coruna2018.redeacampa.org\/es\/wp-json\/wp\/v2\/types\/page"}],"author":[{"embeddable":true,"href":"https:\/\/coruna2018.redeacampa.org\/es\/wp-json\/wp\/v2\/users\/2"}],"replies":[{"embeddable":true,"href":"https:\/\/coruna2018.redeacampa.org\/es\/wp-json\/wp\/v2\/comments?post=38476"}],"version-history":[{"count":0,"href":"https:\/\/coruna2018.redeacampa.org\/es\/wp-json\/wp\/v2\/pages\/38476\/revisions"}],"wp:attachment":[{"href":"https:\/\/coruna2018.redeacampa.org\/es\/wp-json\/wp\/v2\/media?parent=38476"}],"curies":[{"name":"wp","href":"https:\/\/api.w.org\/{rel}","templated":true}]}}