{"id":36489,"date":"2017-06-30T16:22:48","date_gmt":"2017-06-30T14:22:48","guid":{"rendered":"https:\/\/www.acampa.eu\/?page_id=36489\/"},"modified":"2021-02-04T12:11:22","modified_gmt":"2021-02-04T11:11:22","slug":"imagenes","status":"publish","type":"page","link":"https:\/\/coruna2018.redeacampa.org\/es\/imagenes\/","title":{"rendered":"Im\u00e1genes"},"content":{"rendered":"<p>[et_pb_section fb_built=\u00bb1&#8243; admin_label=\u00bbsection\u00bb _builder_version=\u00bb3.22&#8243; background_color=\u00bb#CD1619&#8243; custom_padding=\u00bb30px||30px|\u00bb][et_pb_row admin_label=\u00bbrow\u00bb _builder_version=\u00bb3.25&#8243; background_size=\u00bbinitial\u00bb background_position=\u00bbtop_left\u00bb background_repeat=\u00bbrepeat\u00bb][et_pb_column type=\u00bb4_4&#8243; _builder_version=\u00bb3.25&#8243; custom_padding=\u00bb|||\u00bb custom_padding__hover=\u00bb|||\u00bb][et_pb_text _builder_version=\u00bb3.27.4&#8243; background_layout=\u00bbdark\u00bb]<\/p>\n<h1>Im\u00e1genes Acampa 2018<\/h1>\n<p>[\/et_pb_text][\/et_pb_column][\/et_pb_row][\/et_pb_section][et_pb_section fb_built=\u00bb1&#8243; _builder_version=\u00bb3.22&#8243; background_color=\u00bb#222222&#8243; background_size=\u00bbinitial\u00bb background_repeat=\u00bbrepeat\u00bb][et_pb_row _builder_version=\u00bb3.25&#8243; background_size=\u00bbinitial\u00bb background_position=\u00bbtop_left\u00bb background_repeat=\u00bbrepeat\u00bb][et_pb_column type=\u00bb4_4&#8243; _builder_version=\u00bb3.25&#8243; custom_padding=\u00bb|||\u00bb custom_padding__hover=\u00bb|||\u00bb][et_pb_gallery gallery_ids=\u00bb39212,39215,39218,39221,39224,39227,39230,39233,39236,39239,39242,39245,39248,39251,39254,39257,39260,39263,39266,39272,39269,39275,39278,39281,39284,39287,39290,39293,39296,39299,39302,39305,39308,39311,39314,39317,39320,39323,39326,39329,39332,39335,39338,39341,39344,39347,39350,39353,39356,39359,39362,39365,39368,39371,39374,39377,39380,39383,39386,39389,39392,39395,39398,39401,39404,39407,39410,39413,39416,39419,39422,39425,39428,39431,39434,39437,39440,39443,39446,39449,39452,39455,39458,39461,39464,39467,39470,39473,39476,39479,39482,39485,39488,39491,39494,39497,39500,39503,39506,39509,39512,39515,39518,39521,39524,39527,39530,39533,39536,39539,39542,39545,39548,39551,39554,39557,39857,39560,39563,39566,39569,39572,39575,39578,39581,39584,39587,39590,39593,39596,39599,39602,39605,39608,39611,39614,39854,39617,39620,39623,39626,39629,39632,39635,39638,39641,39644,39647,39650,39653,39656,39659,39662,39665,39668,39671,39674,39677,39680,39683,39686,39689,39692,39695,39698,39701,39704,39707,39710,39713,39716,39719,39722,39725,39728,39731,39734,39737,39740,39743,39746,39749,39752,39755,39758,39761,39764,39767,39770,39773,39776,39779,39782,39785,39788,39791,39794,39797,39800,39803,39806,39809,39812,39815,39818,39821,39824,39827,39830,39833,39836,39839,39842,39845,39848,39851&#8243; posts_number=\u00bb1000&#8243; show_title_and_caption=\u00bboff\u00bb show_pagination=\u00bboff\u00bb zoom_icon_color=\u00bb#CD1619&#8243; hover_overlay_color=\u00bbrgba(227,6,19,0.3)\u00bb hover_icon=\u00bb%%204%%\u00bb _builder_version=\u00bb3.9&#8243;][\/et_pb_gallery][\/et_pb_column][\/et_pb_row][\/et_pb_section]<\/p>\n","protected":false},"excerpt":{"rendered":"<p>Im\u00e1genes Acampa 2018<\/p>\n","protected":false},"author":2,"featured_media":0,"parent":0,"menu_order":0,"comment_status":"closed","ping_status":"closed","template":"","meta":{"_et_pb_use_builder":"on","_et_pb_old_content":"","_et_gb_content_width":"","inline_featured_image":false,"footnotes":""},"class_list":["post-36489","page","type-page","status-publish","hentry"],"yoast_head":"<!-- This site is optimized with the Yoast SEO plugin v25.9 - https:\/\/yoast.com\/wordpress\/plugins\/seo\/ -->\n<title>Im\u00e1genes | Acampa 2018 - Pola paz e o dereito a refuxio<\/title>\n<meta name=\"robots\" content=\"index, follow, max-snippet:-1, max-image-preview:large, max-video-preview:-1\" \/>\n<link rel=\"canonical\" href=\"https:\/\/coruna2018.redeacampa.org\/es\/imagenes\/\" \/>\n<meta property=\"og:locale\" content=\"es_ES\" \/>\n<meta property=\"og:type\" content=\"article\" \/>\n<meta property=\"og:title\" content=\"Im\u00e1genes | Acampa 2018 - Pola paz e o dereito a refuxio\" \/>\n<meta property=\"og:description\" content=\"Im\u00e1genes Acampa 2018\" \/>\n<meta property=\"og:url\" content=\"https:\/\/coruna2018.redeacampa.org\/es\/imagenes\/\" \/>\n<meta property=\"og:site_name\" content=\"Acampa 2018 - Pola paz e o dereito a refuxio\" \/>\n<meta property=\"article:modified_time\" content=\"2021-02-04T11:11:22+00:00\" \/>\n<meta name=\"twitter:card\" content=\"summary_large_image\" \/>\n<meta name=\"twitter:label1\" content=\"Tiempo de lectura\" \/>\n\t<meta name=\"twitter:data1\" content=\"1 minuto\" \/>\n<script type=\"application\/ld+json\" class=\"yoast-schema-graph\">{\"@context\":\"https:\/\/schema.org\",\"@graph\":[{\"@type\":\"WebPage\",\"@id\":\"https:\/\/coruna2018.redeacampa.org\/es\/imagenes\/\",\"url\":\"https:\/\/coruna2018.redeacampa.org\/es\/imagenes\/\",\"name\":\"Im\u00e1genes | Acampa 2018 - Pola paz e o dereito a refuxio\",\"isPartOf\":{\"@id\":\"https:\/\/coruna2018.redeacampa.org\/es\/#website\"},\"datePublished\":\"2017-06-30T14:22:48+00:00\",\"dateModified\":\"2021-02-04T11:11:22+00:00\",\"breadcrumb\":{\"@id\":\"https:\/\/coruna2018.redeacampa.org\/es\/imagenes\/#breadcrumb\"},\"inLanguage\":\"es\",\"potentialAction\":[{\"@type\":\"ReadAction\",\"target\":[\"https:\/\/coruna2018.redeacampa.org\/es\/imagenes\/\"]}]},{\"@type\":\"BreadcrumbList\",\"@id\":\"https:\/\/coruna2018.redeacampa.org\/es\/imagenes\/#breadcrumb\",\"itemListElement\":[{\"@type\":\"ListItem\",\"position\":1,\"name\":\"Portada\",\"item\":\"https:\/\/coruna2018.redeacampa.org\/es\/\"},{\"@type\":\"ListItem\",\"position\":2,\"name\":\"Im\u00e1genes\"}]},{\"@type\":\"WebSite\",\"@id\":\"https:\/\/coruna2018.redeacampa.org\/es\/#website\",\"url\":\"https:\/\/coruna2018.redeacampa.org\/es\/\",\"name\":\"Acampa 2018 - Pola paz e o dereito a refuxio\",\"description\":\"Unha iniciativa cidad\u00e1 sen fins de lucro integrada por colectivos sociais, culturais, educativos, veci\u00f1ais, pol\u00edticos, sindicais, art\u00edsticos, de persoas solidarias, de instituci\u00f3ns e empresas con responsabilidade social que te\u00f1en como obxectivo a defensa dos dereitos humanos, o Dereito Internacional Humanitario e o Dereito a Refuxio.\",\"potentialAction\":[{\"@type\":\"SearchAction\",\"target\":{\"@type\":\"EntryPoint\",\"urlTemplate\":\"https:\/\/coruna2018.redeacampa.org\/es\/?s={search_term_string}\"},\"query-input\":{\"@type\":\"PropertyValueSpecification\",\"valueRequired\":true,\"valueName\":\"search_term_string\"}}],\"inLanguage\":\"es\"}]}<\/script>\n<!-- \/ Yoast SEO plugin. -->","yoast_head_json":{"title":"Im\u00e1genes | Acampa 2018 - Pola paz e o dereito a refuxio","robots":{"index":"index","follow":"follow","max-snippet":"max-snippet:-1","max-image-preview":"max-image-preview:large","max-video-preview":"max-video-preview:-1"},"canonical":"https:\/\/coruna2018.redeacampa.org\/es\/imagenes\/","og_locale":"es_ES","og_type":"article","og_title":"Im\u00e1genes | Acampa 2018 - Pola paz e o dereito a refuxio","og_description":"Im\u00e1genes Acampa 2018","og_url":"https:\/\/coruna2018.redeacampa.org\/es\/imagenes\/","og_site_name":"Acampa 2018 - Pola paz e o dereito a refuxio","article_modified_time":"2021-02-04T11:11:22+00:00","twitter_card":"summary_large_image","twitter_misc":{"Tiempo de lectura":"1 minuto"},"schema":{"@context":"https:\/\/schema.org","@graph":[{"@type":"WebPage","@id":"https:\/\/coruna2018.redeacampa.org\/es\/imagenes\/","url":"https:\/\/coruna2018.redeacampa.org\/es\/imagenes\/","name":"Im\u00e1genes | Acampa 2018 - Pola paz e o dereito a refuxio","isPartOf":{"@id":"https:\/\/coruna2018.redeacampa.org\/es\/#website"},"datePublished":"2017-06-30T14:22:48+00:00","dateModified":"2021-02-04T11:11:22+00:00","breadcrumb":{"@id":"https:\/\/coruna2018.redeacampa.org\/es\/imagenes\/#breadcrumb"},"inLanguage":"es","potentialAction":[{"@type":"ReadAction","target":["https:\/\/coruna2018.redeacampa.org\/es\/imagenes\/"]}]},{"@type":"BreadcrumbList","@id":"https:\/\/coruna2018.redeacampa.org\/es\/imagenes\/#breadcrumb","itemListElement":[{"@type":"ListItem","position":1,"name":"Portada","item":"https:\/\/coruna2018.redeacampa.org\/es\/"},{"@type":"ListItem","position":2,"name":"Im\u00e1genes"}]},{"@type":"WebSite","@id":"https:\/\/coruna2018.redeacampa.org\/es\/#website","url":"https:\/\/coruna2018.redeacampa.org\/es\/","name":"Acampa 2018 - Pola paz e o dereito a refuxio","description":"Unha iniciativa cidad\u00e1 sen fins de lucro integrada por colectivos sociais, culturais, educativos, veci\u00f1ais, pol\u00edticos, sindicais, art\u00edsticos, de persoas solidarias, de instituci\u00f3ns e empresas con responsabilidade social que te\u00f1en como obxectivo a defensa dos dereitos humanos, o Dereito Internacional Humanitario e o Dereito a Refuxio.","potentialAction":[{"@type":"SearchAction","target":{"@type":"EntryPoint","urlTemplate":"https:\/\/coruna2018.redeacampa.org\/es\/?s={search_term_string}"},"query-input":{"@type":"PropertyValueSpecification","valueRequired":true,"valueName":"search_term_string"}}],"inLanguage":"es"}]}},"_links":{"self":[{"href":"https:\/\/coruna2018.redeacampa.org\/es\/wp-json\/wp\/v2\/pages\/36489","targetHints":{"allow":["GET"]}}],"collection":[{"href":"https:\/\/coruna2018.redeacampa.org\/es\/wp-json\/wp\/v2\/pages"}],"about":[{"href":"https:\/\/coruna2018.redeacampa.org\/es\/wp-json\/wp\/v2\/types\/page"}],"author":[{"embeddable":true,"href":"https:\/\/coruna2018.redeacampa.org\/es\/wp-json\/wp\/v2\/users\/2"}],"replies":[{"embeddable":true,"href":"https:\/\/coruna2018.redeacampa.org\/es\/wp-json\/wp\/v2\/comments?post=36489"}],"version-history":[{"count":0,"href":"https:\/\/coruna2018.redeacampa.org\/es\/wp-json\/wp\/v2\/pages\/36489\/revisions"}],"wp:attachment":[{"href":"https:\/\/coruna2018.redeacampa.org\/es\/wp-json\/wp\/v2\/media?parent=36489"}],"curies":[{"name":"wp","href":"https:\/\/api.w.org\/{rel}","templated":true}]}}